{"id":16153,"date":"2022-04-13T20:15:56","date_gmt":"2022-04-13T18:15:56","guid":{"rendered":"https:\/\/addi.de\/produkt\/addiclassic-rundstricknadel\/"},"modified":"2026-05-05T17:02:29","modified_gmt":"2026-05-05T15:02:29","slug":"addiclassic-circular-knitting-needle-2","status":"publish","type":"product","link":"https:\/\/addi.de\/en\/produkt\/addipremium-rundstricknadel\/","title":{"rendered":"addiPremium Classic circular knitting needle"},"content":{"rendered":"<p>The classic addi since 1945. It has been inspiring generations with its extremely smooth surface, perfectly crafted brass needles and round basic tips, as well as the finest transitions to the gold cord. An ideal companion for every knitting project and every yarn.<\/p>\n<p><strong>Handcrafted with precision in Germany.<\/strong><\/p>\n<ul>\n<li>Ideal for turbo knitters and beginners<\/li>\n<li>Suitable for low twist and multi-thread yarns<\/li>\n<li>The stitches glide easily over the needle, even with rough yarns<\/li>\n<\/ul>\n<p><strong>Material:<\/strong> White-bronzed brass tips, plastic rope<\/p>\n<p>&nbsp;<\/p>","protected":false},"excerpt":{"rendered":"<p>Der addi-Klassiker seit 1945. Sie begeistert Generationen mit ihrer extrem glatten Oberfl\u00e4che, den perfekt ausgearbeiteten Messingnadeln und den runden basic-Spitzen sowie feinsten \u00dcberg\u00e4ngen zum Gold seil. Ein idealer Begleiter f\u00fcr jedes Strickprojekt und jedes Garn. Gefertigt in pr\u00e4ziser Handarbeit in Deutschland. F\u00fcr Turbo-StrickerInnen und Anf\u00e4nger ideal Geeignet f\u00fcr wenig gezwirnte und mehrf\u00e4dige Garne Auch bei [&hellip;]<\/p>\n","protected":false},"featured_media":42575,"template":"","meta":{"_acf_changed":false,"inline_featured_image":false},"product_brand":[],"product_cat":[76],"product_tag":[],"class_list":{"0":"post-16153","1":"product","2":"type-product","3":"status-publish","4":"has-post-thumbnail","6":"product_cat-rundstricknadeln","7":"pa_laenge-20-cm","8":"pa_laenge-30-cm","9":"pa_laenge-40-cm","10":"pa_laenge-50-cm","11":"pa_laenge-60-cm","12":"pa_laenge-70-cm","13":"pa_laenge-80-cm","14":"pa_laenge-100-cm","15":"pa_laenge-120-cm","16":"pa_laenge-150-cm","17":"pa_laenge-200-cm","18":"pa_laenge-250-cm","19":"pa_laenge-300-cm","21":"first","22":"instock","23":"shipping-taxable","24":"purchasable","25":"product-type-variable"},"acf":[],"_links":{"self":[{"href":"https:\/\/addi.de\/en\/wp-json\/wp\/v2\/product\/16153","targetHints":{"allow":["GET"]}}],"collection":[{"href":"https:\/\/addi.de\/en\/wp-json\/wp\/v2\/product"}],"about":[{"href":"https:\/\/addi.de\/en\/wp-json\/wp\/v2\/types\/product"}],"wp:featuredmedia":[{"embeddable":true,"href":"https:\/\/addi.de\/en\/wp-json\/wp\/v2\/media\/42575"}],"wp:attachment":[{"href":"https:\/\/addi.de\/en\/wp-json\/wp\/v2\/media?parent=16153"}],"wp:term":[{"taxonomy":"product_brand","embeddable":true,"href":"https:\/\/addi.de\/en\/wp-json\/wp\/v2\/product_brand?post=16153"},{"taxonomy":"product_cat","embeddable":true,"href":"https:\/\/addi.de\/en\/wp-json\/wp\/v2\/product_cat?post=16153"},{"taxonomy":"product_tag","embeddable":true,"href":"https:\/\/addi.de\/en\/wp-json\/wp\/v2\/product_tag?post=16153"}],"curies":[{"name":"wp","href":"https:\/\/api.w.org\/{rel}","templated":true}]}}