{"id":16333,"date":"2022-04-13T20:16:59","date_gmt":"2022-04-13T18:16:59","guid":{"rendered":"https:\/\/addi.de\/produkt\/addiclassic-rundstricknadel-extra\/"},"modified":"2026-01-01T01:06:41","modified_gmt":"2026-01-01T00:06:41","slug":"addiclassic-circular-knitting-needle-extra","status":"publish","type":"product","link":"https:\/\/addi.de\/en\/product-3\/addiclassic-circular-knitting-needle-extra\/","title":{"rendered":"addiPremium Classic Extra circular knitting needle"},"content":{"rendered":"<p>Individuality in its purest form. Are you planning something special but haven\u2019t yet found the right length of cable or needle size? Get in touch \u2013 we\u2019ll consult with you and supply the right needle in the desired size and length. Price on demand.<\/p>\n<p><a href=\"https:\/\/addi.de\/en\/product-3\/addiclassic-circular-knitting-needle-2\/\">More information about the addiPremium circular knitting needle here<\/a><\/p>","protected":false},"excerpt":{"rendered":"<p>Individualit\u00e4t in ihrer reinsten Form. Sie haben etwas Besonderes vor, aber noch nicht die richtige Seill\u00e4nge und Nadelst\u00e4rke gefunden? Kontaktieren Sie uns, wir liefern Ihnen die passende Nadel nach Absprache in den gew\u00fcnschten St\u00e4rken und L\u00e4ngen. Preis auf Anfrage. Weitere Infos zur addiPremium Rundstricknadel hier<\/p>","protected":false},"featured_media":42581,"template":"","meta":{"_acf_changed":false,"inline_featured_image":false},"product_brand":[],"product_cat":[76],"product_tag":[],"class_list":{"0":"post-16333","1":"product","2":"type-product","3":"status-publish","4":"has-post-thumbnail","6":"product_cat-rundstricknadeln","8":"first","9":"instock","10":"shipping-taxable","11":"purchasable","12":"product-type-simple"},"acf":[],"_links":{"self":[{"href":"https:\/\/addi.de\/en\/wp-json\/wp\/v2\/product\/16333","targetHints":{"allow":["GET"]}}],"collection":[{"href":"https:\/\/addi.de\/en\/wp-json\/wp\/v2\/product"}],"about":[{"href":"https:\/\/addi.de\/en\/wp-json\/wp\/v2\/types\/product"}],"wp:featuredmedia":[{"embeddable":true,"href":"https:\/\/addi.de\/en\/wp-json\/wp\/v2\/media\/42581"}],"wp:attachment":[{"href":"https:\/\/addi.de\/en\/wp-json\/wp\/v2\/media?parent=16333"}],"wp:term":[{"taxonomy":"product_brand","embeddable":true,"href":"https:\/\/addi.de\/en\/wp-json\/wp\/v2\/product_brand?post=16333"},{"taxonomy":"product_cat","embeddable":true,"href":"https:\/\/addi.de\/en\/wp-json\/wp\/v2\/product_cat?post=16333"},{"taxonomy":"product_tag","embeddable":true,"href":"https:\/\/addi.de\/en\/wp-json\/wp\/v2\/product_tag?post=16333"}],"curies":[{"name":"wp","href":"https:\/\/api.w.org\/{rel}","templated":true}]}}