{"id":16672,"date":"2022-04-13T20:31:19","date_gmt":"2022-04-13T18:31:19","guid":{"rendered":"https:\/\/addi.de\/produkt\/addiclick-haekelnadel-etui\/"},"modified":"2026-01-01T01:06:49","modified_gmt":"2026-01-01T00:06:49","slug":"addiclick-hook-set","status":"publish","type":"product","link":"https:\/\/addi.de\/en\/product-3\/addiclick-hook-set\/","title":{"rendered":"addiClick crochet hook set"},"content":{"rendered":"<p>The extra feature for all crochet fans. This high-quality set contains crochet hooks in sizes from 3.5 mm to 8.0 mm as add-on accessories for the addiClick system.<\/p>\n<p>In combination with a separate cord and end pieces, it is ideal for Tunisian Crochet or Combination Crochet: one side crochet hook, other side knitting needle.<br \/>\nMatching accessories, such as Heart Stoppers and Click cords, are available to purchase separately<\/p>\n<p><strong>Strengths<\/strong> 3.5 | 4 | 4.5 | 5.5 | 6 | 7 | 8 mm<\/p>\n<p><strong>lengths<\/strong> approx. 16,5 \u2013 17,5 cm<\/p>\n<p><strong>Material:<\/strong> Plastic hooks (7 and 8 mm), anodized aluminum hooks (3.5 to 6 mm), brass end piece<\/p>","protected":false},"excerpt":{"rendered":"<p>Das besondere Etwas f\u00fcr alle H\u00e4kelfans. In diesem hochwertigen Set sind H\u00e4kelnadeln in den St\u00e4rken von 3,5mm bis 8,0 mm als Zubeh\u00f6r zum addiClick-System zu finden. In Kombination mit einem separat erh\u00e4ltlich Seil und Endstu\u0308cken ist es ideal zum Tunesisch H\u00e4keln und Kombih\u00e4keln: eine Seite H\u00e4kelnadel, andere Seite Stricknadel. Das passende Zubeh\u00f6r, wie Herz Stopper [&hellip;]<\/p>","protected":false},"featured_media":28978,"template":"","meta":{"_acf_changed":false,"inline_featured_image":false},"product_brand":[],"product_cat":[85,518,525,73],"product_tag":[],"class_list":{"0":"post-16672","1":"product","2":"type-product","3":"status-publish","4":"has-post-thumbnail","6":"product_cat-addiclick-hook","7":"product_cat-additun-tunesische-haekelnadeln","8":"product_cat-addiclickhaekelnadelsets","9":"product_cat-addi-geschenkideen","11":"first","12":"instock","13":"shipping-taxable","14":"purchasable","15":"product-type-simple"},"acf":[],"_links":{"self":[{"href":"https:\/\/addi.de\/en\/wp-json\/wp\/v2\/product\/16672","targetHints":{"allow":["GET"]}}],"collection":[{"href":"https:\/\/addi.de\/en\/wp-json\/wp\/v2\/product"}],"about":[{"href":"https:\/\/addi.de\/en\/wp-json\/wp\/v2\/types\/product"}],"wp:featuredmedia":[{"embeddable":true,"href":"https:\/\/addi.de\/en\/wp-json\/wp\/v2\/media\/28978"}],"wp:attachment":[{"href":"https:\/\/addi.de\/en\/wp-json\/wp\/v2\/media?parent=16672"}],"wp:term":[{"taxonomy":"product_brand","embeddable":true,"href":"https:\/\/addi.de\/en\/wp-json\/wp\/v2\/product_brand?post=16672"},{"taxonomy":"product_cat","embeddable":true,"href":"https:\/\/addi.de\/en\/wp-json\/wp\/v2\/product_cat?post=16672"},{"taxonomy":"product_tag","embeddable":true,"href":"https:\/\/addi.de\/en\/wp-json\/wp\/v2\/product_tag?post=16672"}],"curies":[{"name":"wp","href":"https:\/\/api.w.org\/{rel}","templated":true}]}}