{"id":16673,"date":"2022-04-13T20:31:27","date_gmt":"2022-04-13T18:31:27","guid":{"rendered":"https:\/\/addi.de\/produkt\/addiclick-knooking-etui\/"},"modified":"2024-07-02T12:06:02","modified_gmt":"2024-07-02T10:06:02","slug":"addiclick-knooking-case","status":"archive","type":"product","link":"https:\/\/addi.de\/en\/product-3\/addiclick-knooking-case\/","title":{"rendered":"addiClick Knooking Case"},"content":{"rendered":"<p>Put ideas into practice. The Knooking combination technique creates wonderful crochet patterns. The case contains 8 addiClick crochet hooks from 3.5-8 mm and an addiSOS rope (100 cm). The matching accessories, such as heart stoppers and click ropes are available for purchase separately.<\/p>\n<p>Thicknesses: 3.5 | 4 | 4.5 | 5 | 5.5 | 6 | 7 | 8 mm<\/p>\n<p>Lengths: approx. 16.5 - 17.5 cm<\/p>\n<p><strong>Material:<\/strong> Plastic hooks (7 and 8 mm), anodized aluminum hooks (3.5 to 6 mm), brass sleeves and plastic rope<\/p>","protected":false},"excerpt":{"rendered":"<p>Setzen Sie Ideen in die Tat um. Mit der Knooking-Kombitechnik entstehen wunderbare H\u00e4kelmuster. Das Etui enth\u00e4lt 8 addiClick-H\u00e4kelnadeln von 3,5-8 mm und ein addiSOS Seil (100 cm). Das passende Zubeh\u00f6r, wie Herzstopper und Click-Seile gibt es separat zu kaufen. St\u00e4rken: 3,5 | 4 | 4,5 | 5 | 5,5 | 6 | 7 | 8 [&hellip;]<\/p>","protected":false},"featured_media":28978,"template":"","meta":{"_acf_changed":false,"inline_featured_image":false},"product_brand":[],"product_cat":[69,85,518,525,73],"product_tag":[],"class_list":{"0":"post-16673","1":"product","2":"type-product","3":"status-archive","4":"has-post-thumbnail","6":"product_cat-addiclick-stricknadelsets","7":"product_cat-addiclick-hook","8":"product_cat-additun-tunesische-haekelnadeln","9":"product_cat-addiclickhaekelnadelsets","10":"product_cat-addi-geschenkideen","12":"first","13":"instock","14":"shipping-taxable","15":"product-type-simple"},"acf":[],"_links":{"self":[{"href":"https:\/\/addi.de\/en\/wp-json\/wp\/v2\/product\/16673","targetHints":{"allow":["GET"]}}],"collection":[{"href":"https:\/\/addi.de\/en\/wp-json\/wp\/v2\/product"}],"about":[{"href":"https:\/\/addi.de\/en\/wp-json\/wp\/v2\/types\/product"}],"wp:featuredmedia":[{"embeddable":true,"href":"https:\/\/addi.de\/en\/wp-json\/wp\/v2\/media\/28978"}],"wp:attachment":[{"href":"https:\/\/addi.de\/en\/wp-json\/wp\/v2\/media?parent=16673"}],"wp:term":[{"taxonomy":"product_brand","embeddable":true,"href":"https:\/\/addi.de\/en\/wp-json\/wp\/v2\/product_brand?post=16673"},{"taxonomy":"product_cat","embeddable":true,"href":"https:\/\/addi.de\/en\/wp-json\/wp\/v2\/product_cat?post=16673"},{"taxonomy":"product_tag","embeddable":true,"href":"https:\/\/addi.de\/en\/wp-json\/wp\/v2\/product_tag?post=16673"}],"curies":[{"name":"wp","href":"https:\/\/api.w.org\/{rel}","templated":true}]}}