{"id":16800,"date":"2022-04-13T20:32:07","date_gmt":"2022-04-13T18:32:07","guid":{"rendered":"https:\/\/addi.de\/produkt\/addichampagner-zopfmusternadeln\/"},"modified":"2026-01-01T01:06:52","modified_gmt":"2026-01-01T00:06:52","slug":"addichampagner-braid-pattern-needles","status":"publish","type":"product","link":"https:\/\/addi.de\/en\/product-3\/addichampagner-braid-pattern-needles\/","title":{"rendered":"addiChampagner cable stitch needles"},"content":{"rendered":"<p>F\u00fchr mehr Glamour im Strickset sorgen die Champagner Zopfmusternadeln. F\u00fcr dickere Z\u00f6pfe geeignet. Nat\u00fcrlich &#8222;Made in Germany&#8220;<\/p>\n<p><strong>Material:<\/strong> Plastic with gold glitter<\/p>","protected":false},"excerpt":{"rendered":"<p>7 mm + 10 mm<\/p>","protected":false},"featured_media":29191,"template":"","meta":{"_acf_changed":false,"inline_featured_image":false},"product_brand":[],"product_cat":[602,357],"product_tag":[],"class_list":{"0":"post-16800","1":"product","2":"type-product","3":"status-publish","4":"has-post-thumbnail","6":"product_cat-strickzubehoer-2","7":"product_cat-zubehoer-stricken-haekeln","9":"first","10":"instock","11":"shipping-taxable","12":"purchasable","13":"product-type-simple"},"acf":[],"_links":{"self":[{"href":"https:\/\/addi.de\/en\/wp-json\/wp\/v2\/product\/16800","targetHints":{"allow":["GET"]}}],"collection":[{"href":"https:\/\/addi.de\/en\/wp-json\/wp\/v2\/product"}],"about":[{"href":"https:\/\/addi.de\/en\/wp-json\/wp\/v2\/types\/product"}],"wp:featuredmedia":[{"embeddable":true,"href":"https:\/\/addi.de\/en\/wp-json\/wp\/v2\/media\/29191"}],"wp:attachment":[{"href":"https:\/\/addi.de\/en\/wp-json\/wp\/v2\/media?parent=16800"}],"wp:term":[{"taxonomy":"product_brand","embeddable":true,"href":"https:\/\/addi.de\/en\/wp-json\/wp\/v2\/product_brand?post=16800"},{"taxonomy":"product_cat","embeddable":true,"href":"https:\/\/addi.de\/en\/wp-json\/wp\/v2\/product_cat?post=16800"},{"taxonomy":"product_tag","embeddable":true,"href":"https:\/\/addi.de\/en\/wp-json\/wp\/v2\/product_tag?post=16800"}],"curies":[{"name":"wp","href":"https:\/\/api.w.org\/{rel}","templated":true}]}}