{"id":16801,"date":"2022-04-13T20:32:07","date_gmt":"2022-04-13T18:32:07","guid":{"rendered":"https:\/\/addi.de\/produkt\/addifusselstop-fusselrasierer\/"},"modified":"2026-01-01T01:06:52","modified_gmt":"2026-01-01T00:06:52","slug":"addifusselstop-lint-shaver","status":"publish","type":"product","link":"https:\/\/addi.de\/en\/product-3\/addifusselstop-lint-shaver\/","title":{"rendered":"addiFusselstop lint remover"},"content":{"rendered":"<p>Clothing can breathe easily again. This battery-powered wool shaver has a large head to quickly remove lint and makes old knitted pieces with nodules look brand new.<\/p>\n<p>It reliably removes knots and always keeps enough distance to the fabric thanks to the fine protective grid. The two AA batteries (not included) can be changed in no time.<\/p>","protected":false},"excerpt":{"rendered":"<p>Kleidung aufatmen lassen. Der Fusselrasierer mit gro\u00dfem Kopf f\u00fcr schnelleres Entfernen der Fusseln ist batteriebetrieben und macht alte Sticksachen mit Kn\u00f6tchen wie neu. Er entfernt zuverl\u00e4ssig Kn\u00f6tchen und h\u00e4lt dank feinem Schutzgitter immer gen\u00fcgend Abstand zum Gewebe. Die zwei AA- Batterien (nicht enthalten) k\u00f6nnen im Handumdrehen gewechselt werden.<\/p>","protected":false},"featured_media":29195,"template":"","meta":{"_acf_changed":false,"inline_featured_image":false},"product_brand":[],"product_cat":[357,602,583],"product_tag":[],"class_list":{"0":"post-16801","1":"product","2":"type-product","3":"status-publish","4":"has-post-thumbnail","6":"product_cat-zubehoer-stricken-haekeln","7":"product_cat-strickzubehoer-2","8":"product_cat-haekelzubehoer","10":"first","11":"instock","12":"shipping-taxable","13":"purchasable","14":"product-type-simple"},"acf":[],"_links":{"self":[{"href":"https:\/\/addi.de\/en\/wp-json\/wp\/v2\/product\/16801","targetHints":{"allow":["GET"]}}],"collection":[{"href":"https:\/\/addi.de\/en\/wp-json\/wp\/v2\/product"}],"about":[{"href":"https:\/\/addi.de\/en\/wp-json\/wp\/v2\/types\/product"}],"wp:featuredmedia":[{"embeddable":true,"href":"https:\/\/addi.de\/en\/wp-json\/wp\/v2\/media\/29195"}],"wp:attachment":[{"href":"https:\/\/addi.de\/en\/wp-json\/wp\/v2\/media?parent=16801"}],"wp:term":[{"taxonomy":"product_brand","embeddable":true,"href":"https:\/\/addi.de\/en\/wp-json\/wp\/v2\/product_brand?post=16801"},{"taxonomy":"product_cat","embeddable":true,"href":"https:\/\/addi.de\/en\/wp-json\/wp\/v2\/product_cat?post=16801"},{"taxonomy":"product_tag","embeddable":true,"href":"https:\/\/addi.de\/en\/wp-json\/wp\/v2\/product_tag?post=16801"}],"curies":[{"name":"wp","href":"https:\/\/api.w.org\/{rel}","templated":true}]}}