{"id":16863,"date":"2022-04-13T20:32:28","date_gmt":"2022-04-13T18:32:28","guid":{"rendered":"https:\/\/addi.de\/produkt\/addicalibro-holznadelmasse-fuer-stricknadeln-novel-nadeln-und-haekelnadeln\/"},"modified":"2026-01-01T01:06:54","modified_gmt":"2026-01-01T00:06:54","slug":"addicalibro-wooden-needle-gauge-set","status":"publish","type":"product","link":"https:\/\/addi.de\/en\/product-3\/addicalibro-wooden-needle-gauge-set\/","title":{"rendered":"addiCalibro Wooden Needle Gauges for Knitting Needles, Square Needles and Crochet Hooks"},"content":{"rendered":"<p>Natural and precise \u2013 the new wooden needle gauges addiCalibro combine the natural product wood with ease of use to measure needle sizes.<\/p>\n<p><strong>The quadruple function is the real highlight.<\/strong> In addition to providing dimensions for classic addi circular knitting needles, there are also units for square needles such as addiNovel needles, for crochet hooks and a ruler is integrated. Practical, reliable and a natural companion.<\/p>\n<p><strong>Material:<\/strong> Birch wood plywood<\/p>","protected":false},"excerpt":{"rendered":"<p>Das addiCalibro Holznadelma\u00df-Set f\u00fcr Nat\u00fcrlichkeit und Pr\u00e4zision &#8211; das neue Nadelma\u00df-Set kombiniert das Naturprodukt Holz mit der leichten Handhabung, um St\u00e4rken zu messen. Der besondere Clou dabei ist die Vierfachfunktion. Neben den Ma\u00dfen f\u00fcr die klassischen addi-Stricknadeln gibt es auch die Einheiten f\u00fcr die viereckigen Nadeln, beispielsweise f\u00fcr die addiNovel-Nadeln und die Einheiten f\u00fcr die [&hellip;]<\/p>","protected":false},"featured_media":29211,"template":"","meta":{"_acf_changed":false,"inline_featured_image":false},"product_brand":[],"product_cat":[363,602,583,357,73],"product_tag":[],"class_list":{"0":"post-16863","1":"product","2":"type-product","3":"status-publish","4":"has-post-thumbnail","6":"product_cat-addinovel","7":"product_cat-strickzubehoer-2","8":"product_cat-haekelzubehoer","9":"product_cat-zubehoer-stricken-haekeln","10":"product_cat-addi-geschenkideen","12":"first","13":"instock","14":"shipping-taxable","15":"purchasable","16":"product-type-simple"},"acf":[],"_links":{"self":[{"href":"https:\/\/addi.de\/en\/wp-json\/wp\/v2\/product\/16863","targetHints":{"allow":["GET"]}}],"collection":[{"href":"https:\/\/addi.de\/en\/wp-json\/wp\/v2\/product"}],"about":[{"href":"https:\/\/addi.de\/en\/wp-json\/wp\/v2\/types\/product"}],"wp:featuredmedia":[{"embeddable":true,"href":"https:\/\/addi.de\/en\/wp-json\/wp\/v2\/media\/29211"}],"wp:attachment":[{"href":"https:\/\/addi.de\/en\/wp-json\/wp\/v2\/media?parent=16863"}],"wp:term":[{"taxonomy":"product_brand","embeddable":true,"href":"https:\/\/addi.de\/en\/wp-json\/wp\/v2\/product_brand?post=16863"},{"taxonomy":"product_cat","embeddable":true,"href":"https:\/\/addi.de\/en\/wp-json\/wp\/v2\/product_cat?post=16863"},{"taxonomy":"product_tag","embeddable":true,"href":"https:\/\/addi.de\/en\/wp-json\/wp\/v2\/product_tag?post=16863"}],"curies":[{"name":"wp","href":"https:\/\/api.w.org\/{rel}","templated":true}]}}