{"id":17007,"date":"2022-04-13T20:33:19","date_gmt":"2022-04-13T18:33:19","guid":{"rendered":"https:\/\/addi.de\/produkt\/addiclick-nature-bamboo-seile-und-kupplung\/"},"modified":"2026-01-01T01:06:57","modified_gmt":"2026-01-01T00:06:57","slug":"addiclick-nature-bamboo-rope-and-coupling","status":"publish","type":"product","link":"https:\/\/addi.de\/en\/product-3\/addiclick-nature-bamboo-rope-and-coupling\/","title":{"rendered":"addiClick Nature cords and connectors"},"content":{"rendered":"<p>The addiClick cords are also available as a set with two connectors. The complete set contains 3 cords (60\/80\/100 cm) and 2 connectors (long and short).<\/p>\n<p>In the cases made of bamboo and olive wood, the fasteners and the coupling are gold coloured - also matching the colour of the addiClick Nature series.<\/p>\n<p>Compatible with all addiClick tips and accessories.<\/p>\n<p><strong>Material:<\/strong> Cords made of plastic, end pieces and connector made of brass<\/p>\n<p>&nbsp;<\/p>","protected":false},"excerpt":{"rendered":"<p>Die addiClick Seile sind auch im Set mit einer Kupplung erh\u00e4ltlich. Das Komplettset enth\u00e4lt 3 Seile (60\/80\/100 cm) und 2 Kupplungen (lang und kurz). In den Etuis aus Bambus und Olivenholz sind die Verschl\u00fcsse und die Kupplung goldfarben &#8211; farblich auch passend f\u00fcr die addiClick Nature Serie. Kompatibel mit allen addiClick Spitzen und Zubeh\u00f6r. Material: [&hellip;]<\/p>","protected":false},"featured_media":53543,"template":"","meta":{"_acf_changed":false,"inline_featured_image":false},"product_brand":[],"product_cat":[69,87,83,88,590],"product_tag":[],"class_list":{"0":"post-17007","1":"product","2":"type-product","3":"status-publish","4":"has-post-thumbnail","6":"product_cat-addiclick-stricknadelsets","7":"product_cat-addiclick-olivenholz","8":"product_cat-addiclick-bamboo-2","9":"product_cat-zubehoer-addiclick","10":"product_cat-addiclick-zubehoer-2","12":"first","13":"instock","14":"shipping-taxable","15":"purchasable","16":"product-type-simple"},"acf":[],"_links":{"self":[{"href":"https:\/\/addi.de\/en\/wp-json\/wp\/v2\/product\/17007","targetHints":{"allow":["GET"]}}],"collection":[{"href":"https:\/\/addi.de\/en\/wp-json\/wp\/v2\/product"}],"about":[{"href":"https:\/\/addi.de\/en\/wp-json\/wp\/v2\/types\/product"}],"wp:featuredmedia":[{"embeddable":true,"href":"https:\/\/addi.de\/en\/wp-json\/wp\/v2\/media\/53543"}],"wp:attachment":[{"href":"https:\/\/addi.de\/en\/wp-json\/wp\/v2\/media?parent=17007"}],"wp:term":[{"taxonomy":"product_brand","embeddable":true,"href":"https:\/\/addi.de\/en\/wp-json\/wp\/v2\/product_brand?post=17007"},{"taxonomy":"product_cat","embeddable":true,"href":"https:\/\/addi.de\/en\/wp-json\/wp\/v2\/product_cat?post=17007"},{"taxonomy":"product_tag","embeddable":true,"href":"https:\/\/addi.de\/en\/wp-json\/wp\/v2\/product_tag?post=17007"}],"curies":[{"name":"wp","href":"https:\/\/api.w.org\/{rel}","templated":true}]}}