{"id":17186,"date":"2022-04-13T20:34:26","date_gmt":"2022-04-13T18:34:26","guid":{"rendered":"https:\/\/addi.de\/produkt\/addiwrap-olive-wood-haekelnadel-etui-leer\/"},"modified":"2026-01-01T01:07:02","modified_gmt":"2026-01-01T00:07:02","slug":"addiwrap-olive-wood-crochet-hook-case-empty","status":"publish","type":"product","link":"https:\/\/addi.de\/en\/product-3\/addiwrap-olive-wood-crochet-hook-case-empty\/","title":{"rendered":"addiWrap Crochet Hook Case empty"},"content":{"rendered":"<p>A beautiful \u201chome\u201d with 11 compartments for crochet hooks with handle - available filled or empty. Practical to take along for crochet fun on the go.<\/p>\n<p>The addiWrap fabric roll case with embroidered addi logo looks also great when it\u2019s empty. For knitters who already own crochet hooks \u2013 an exclusive rolling storage option with toggle buttons. The compartments are suitable for crochet hooks or handles with a diameter of up to 15 mm.<\/p>\n<p><strong>Material:<\/strong> Waxed canvas outside, cotton inside<\/p>\n<p><strong>Dimensions:<\/strong> opened 20 \u00d7 29 cm (8\u201c \u00d7 11.5\"), rolled 20 \u00d7 8 cm (11.5\u201c \u00d7 3.1\")<\/p>","protected":false},"excerpt":{"rendered":"<p>Ein wundersch\u00f6nes \u201eZuhause\u201c mit 11 F\u00e4chern f\u00fcr H\u00e4kelnadeln mit Griff &#8211; gef\u00fcllt oder leer erh\u00e4ltlich . Praktisch mitzunehmen f\u00fcr H\u00e4kelvergn\u00fcgen unterwegs. Das addiWrap Roll-Etui in Textilstoff ist auch unbef\u00fcllt eine Augenweide. F\u00fcr H\u00e4kelfans, die bereits H\u00e4kelnadeln besitzen, eine exklusive Aufbewahrungsm\u00f6glichkeit zum Rollen mit Knebelkopf-Verschluss. Die F\u00e4cher passen f\u00fcr H\u00e4kelnadeln bzw. Griffe mit einem Durchmesser bis [&hellip;]<\/p>","protected":false},"featured_media":56370,"template":"","meta":{"_acf_changed":false,"inline_featured_image":false},"product_brand":[],"product_cat":[588,375,583,519],"product_tag":[],"class_list":{"0":"post-17186","1":"product","2":"type-product","3":"status-publish","4":"has-post-thumbnail","6":"product_cat-etuis-und-taschen","7":"product_cat-haekelnadelsets","8":"product_cat-haekelzubehoer","9":"product_cat-etuis-aufbewahrung","11":"first","12":"instock","13":"shipping-taxable","14":"purchasable","15":"product-type-simple"},"acf":[],"_links":{"self":[{"href":"https:\/\/addi.de\/en\/wp-json\/wp\/v2\/product\/17186","targetHints":{"allow":["GET"]}}],"collection":[{"href":"https:\/\/addi.de\/en\/wp-json\/wp\/v2\/product"}],"about":[{"href":"https:\/\/addi.de\/en\/wp-json\/wp\/v2\/types\/product"}],"wp:featuredmedia":[{"embeddable":true,"href":"https:\/\/addi.de\/en\/wp-json\/wp\/v2\/media\/56370"}],"wp:attachment":[{"href":"https:\/\/addi.de\/en\/wp-json\/wp\/v2\/media?parent=17186"}],"wp:term":[{"taxonomy":"product_brand","embeddable":true,"href":"https:\/\/addi.de\/en\/wp-json\/wp\/v2\/product_brand?post=17186"},{"taxonomy":"product_cat","embeddable":true,"href":"https:\/\/addi.de\/en\/wp-json\/wp\/v2\/product_cat?post=17186"},{"taxonomy":"product_tag","embeddable":true,"href":"https:\/\/addi.de\/en\/wp-json\/wp\/v2\/product_tag?post=17186"}],"curies":[{"name":"wp","href":"https:\/\/api.w.org\/{rel}","templated":true}]}}