{"id":17190,"date":"2022-04-13T20:34:26","date_gmt":"2022-04-13T18:34:26","guid":{"rendered":"https:\/\/addi.de\/produkt\/addiclick-basic-long-etui\/"},"modified":"2026-01-01T01:07:02","modified_gmt":"2026-01-01T00:07:02","slug":"addiclick-basic-long-case","status":"publish","type":"product","link":"https:\/\/addi.de\/en\/product-3\/addiclick-basic-long-case\/","title":{"rendered":"addiClick Basic Long Set"},"content":{"rendered":"<p>The classic among the addiClick cases. Technically, the addiClick system is something very special - a globally unique system. All click tips, cords and accessories are compatible with each other for maximum variety.<\/p>\n<p><strong>Included are:<\/strong><\/p>\n<ul>\n<li>10 long basic tips, sizes 3.5 - 10 mm (US 4 - 15)<\/li>\n<li>Three gold cords (60, 80 and 100 cm)<\/li>\n<li>2 HeartStopper stitch stoppers<\/li>\n<li>Two couplings (long and short)<\/li>\n<li>A gold brooch and addiGrip pads (gripping aid)<\/li>\n<\/ul>\n<p><strong>Material:<\/strong> Textile case, brass tips (125 mm) white bronzed<\/p>","protected":false},"excerpt":{"rendered":"<p>Der Klassiker unter den addiClick Etuis. Technisch ist das addiClick System etwas ganz Besonderes &#8211; ein weltweit einmaliges System. Alle Click-Spitzen, Seile und Zubeh\u00f6r sind miteinander kompatibel, f\u00fcr die maximale Vielfalt. Enthalten sind: 10 langen Basic-Spitzen, St\u00e4rken 3,5 \u2013 10 mm Drei Goldseile (60, 80 und 100 cm) 2 HeartStopper Endst\u00fccke Zwei Kupplungen (lang und [&hellip;]<\/p>","protected":false},"featured_media":53414,"template":"","meta":{"_acf_changed":false,"inline_featured_image":false},"product_brand":[],"product_cat":[585,69,84,73],"product_tag":[],"class_list":{"0":"post-17190","1":"product","2":"type-product","3":"status-publish","4":"has-post-thumbnail","6":"product_cat-addiclick","7":"product_cat-addiclick-stricknadelsets","8":"product_cat-addiclick-basic","9":"product_cat-addi-geschenkideen","11":"first","12":"instock","13":"shipping-taxable","14":"purchasable","15":"product-type-simple"},"acf":[],"_links":{"self":[{"href":"https:\/\/addi.de\/en\/wp-json\/wp\/v2\/product\/17190","targetHints":{"allow":["GET"]}}],"collection":[{"href":"https:\/\/addi.de\/en\/wp-json\/wp\/v2\/product"}],"about":[{"href":"https:\/\/addi.de\/en\/wp-json\/wp\/v2\/types\/product"}],"wp:featuredmedia":[{"embeddable":true,"href":"https:\/\/addi.de\/en\/wp-json\/wp\/v2\/media\/53414"}],"wp:attachment":[{"href":"https:\/\/addi.de\/en\/wp-json\/wp\/v2\/media?parent=17190"}],"wp:term":[{"taxonomy":"product_brand","embeddable":true,"href":"https:\/\/addi.de\/en\/wp-json\/wp\/v2\/product_brand?post=17190"},{"taxonomy":"product_cat","embeddable":true,"href":"https:\/\/addi.de\/en\/wp-json\/wp\/v2\/product_cat?post=17190"},{"taxonomy":"product_tag","embeddable":true,"href":"https:\/\/addi.de\/en\/wp-json\/wp\/v2\/product_tag?post=17190"}],"curies":[{"name":"wp","href":"https:\/\/api.w.org\/{rel}","templated":true}]}}