{"id":17215,"date":"2022-04-13T20:34:40","date_gmt":"2022-04-13T18:34:40","guid":{"rendered":"https:\/\/addi.de\/produkt\/addiclick-by-woolly-hugs-etui\/"},"modified":"2026-01-01T01:07:03","modified_gmt":"2026-01-01T00:07:03","slug":"addiclick-by-woolly-hugs-case","status":"publish","type":"product","link":"https:\/\/addi.de\/en\/product-3\/addiclick-by-woolly-hugs-case\/","title":{"rendered":"addiClick by Woolly Hugs Set"},"content":{"rendered":"<p>The all-round carefree package. For those who love knitting, crochet or Tunisian crochet. Everything in one set. The addiClick hook system with long basic tips contains lots of accessories, designed by Veronika Hug. Made in Germany, of course.<\/p>\n<ul>\n<li><strong>Strengths Basic Long tips (125 mm)<\/strong>\n<ul>\n<li>3.5 | 4 | 4.5 | 5.5 | 6 | 7 | 8 mm<\/li>\n<\/ul>\n<\/li>\n<li><strong>Strengths crochet hooks (16,5 \u2013 17,5 cm)<\/strong>\n<ul>\n<li>4 | 5 | 6 | 7 | 8 mm<\/li>\n<\/ul>\n<\/li>\n<li>4 red SOS cords (9, 40, 60 und 80 cm)<\/li>\n<li>2 HeartStopper stitch stoppers<\/li>\n<li>Two couplings (long and short)<\/li>\n<li>A gold brooch and addiGrip pads (gripping aid)<\/li>\n<li>Measuring tape, addiGoldmarie scissors, stitch markers and much more<\/li>\n<\/ul>\n<p><strong>Material:<\/strong> Textile case, knitting needle tips brass white bronzed, crochet hooks aluminium golden anodised and plastic with gold glitter<\/p>","protected":false},"excerpt":{"rendered":"<p>Das Rundum-Sorglos-Paket. F\u00fcr die, die gerne Stricken, H\u00e4keln oder Tunesisch H\u00e4keln. Hier gibt es alles in einem Set. Das addiClick-Stecksystem mit langen Basic-Spitzen enth\u00e4lt jede Menge Zubeh\u00f6r, entworfen von Veronika Hug. Nat\u00fcrlich Made in Germany. St\u00e4rken Basic Long Spitzen (125 mm) 3,5 | 4 | 4,5 | 5 | 5,5 | 6 | 7 | [&hellip;]<\/p>","protected":false},"featured_media":53412,"template":"","meta":{"_acf_changed":false,"inline_featured_image":false},"product_brand":[],"product_cat":[585,69,84,85,525,73],"product_tag":[],"class_list":{"0":"post-17215","1":"product","2":"type-product","3":"status-publish","4":"has-post-thumbnail","6":"product_cat-addiclick","7":"product_cat-addiclick-stricknadelsets","8":"product_cat-addiclick-basic","9":"product_cat-addiclick-hook","10":"product_cat-addiclickhaekelnadelsets","11":"product_cat-addi-geschenkideen","13":"first","14":"instock","15":"shipping-taxable","16":"purchasable","17":"product-type-simple"},"acf":[],"_links":{"self":[{"href":"https:\/\/addi.de\/en\/wp-json\/wp\/v2\/product\/17215","targetHints":{"allow":["GET"]}}],"collection":[{"href":"https:\/\/addi.de\/en\/wp-json\/wp\/v2\/product"}],"about":[{"href":"https:\/\/addi.de\/en\/wp-json\/wp\/v2\/types\/product"}],"wp:featuredmedia":[{"embeddable":true,"href":"https:\/\/addi.de\/en\/wp-json\/wp\/v2\/media\/53412"}],"wp:attachment":[{"href":"https:\/\/addi.de\/en\/wp-json\/wp\/v2\/media?parent=17215"}],"wp:term":[{"taxonomy":"product_brand","embeddable":true,"href":"https:\/\/addi.de\/en\/wp-json\/wp\/v2\/product_brand?post=17215"},{"taxonomy":"product_cat","embeddable":true,"href":"https:\/\/addi.de\/en\/wp-json\/wp\/v2\/product_cat?post=17215"},{"taxonomy":"product_tag","embeddable":true,"href":"https:\/\/addi.de\/en\/wp-json\/wp\/v2\/product_tag?post=17215"}],"curies":[{"name":"wp","href":"https:\/\/api.w.org\/{rel}","templated":true}]}}