{"id":17355,"date":"2022-04-13T20:35:32","date_gmt":"2022-04-13T18:35:32","guid":{"rendered":"https:\/\/addi.de\/produkt\/addiclick-novel-lace-short-etui\/"},"modified":"2026-01-01T01:07:10","modified_gmt":"2026-01-01T00:07:10","slug":"addiclick-novel-lace-short-etui","status":"publish","type":"product","link":"https:\/\/addi.de\/en\/product-3\/addiclick-novel-lace-short-etui\/","title":{"rendered":"addiClick Novel Lace Short Set"},"content":{"rendered":"<p>The ergonomic addiNovel fine knitting needles in a square design with rounded edges and lace tips enable fatigue-free knitting. The shape is easy on the joints, relieves strain on the elbows and shoulders and also massages the hands. The structure guarantees a more even knitting pattern.<\/p>\n<p><strong>Included are:<\/strong><\/p>\n<ul>\n<li>Novel needle tips, sizes 3.5 - 8 mm<\/li>\n<li>Five red lace cords (40, 50, 60, 80 und 100 cm)<\/li>\n<li>2 HeartStopper stitch stoppers<\/li>\n<li>Two couplings (long and short)<\/li>\n<li>A gold brooch and addiGrip pads (gripping aid)<\/li>\n<\/ul>\n<p><strong>The shortness of the tips<\/strong> is very suitable for knitting medium diameters with short cables from 40 cm. Whether hats or sleeves - thanks to the 90 mm short tips, smaller diameters can also be knitted with a circular needle.<\/p>\n<p><strong>Material:<\/strong> Textile case, brass tips (90 mm) white bronzed with extra fine tips ( size lasered on both needle tips) and plastic cords<\/p>","protected":false},"excerpt":{"rendered":"<p>Die ergonomischen addiNovel Feinstricknadeln im viereckigen Design mit runden Kanten und Lace-Spitzen erm\u00f6glichen erm\u00fcdungsfreies Stricken. Die Form ist gelenkschonend, entlastend f\u00fcr Ellbogen und Schulter und zudem noch eine Massage f\u00fcr die H\u00e4nde. Ein gleichm\u00e4\u00dfigeres Strickbild ist durch die Struktur garantiert. Enthalten sind: Novel-Nadelspitzen, St\u00e4rken 3,5 &#8211; 8 mm F\u00fcnf rote Lace-Seile (40, 50, 60, 80 [&hellip;]<\/p>","protected":false},"featured_media":53420,"template":"","meta":{"_acf_changed":false,"inline_featured_image":false},"product_brand":[],"product_cat":[585,363,69,86,366,73,23],"product_tag":[],"class_list":{"0":"post-17355","1":"product","2":"type-product","3":"status-publish","4":"has-post-thumbnail","6":"product_cat-addiclick","7":"product_cat-addinovel","8":"product_cat-addiclick-stricknadelsets","9":"product_cat-addiclick-lace","10":"product_cat-addiclick-novel","11":"product_cat-addi-geschenkideen","12":"product_cat-unkategorisiert","14":"first","15":"instock","16":"shipping-taxable","17":"purchasable","18":"product-type-simple"},"acf":[],"_links":{"self":[{"href":"https:\/\/addi.de\/en\/wp-json\/wp\/v2\/product\/17355","targetHints":{"allow":["GET"]}}],"collection":[{"href":"https:\/\/addi.de\/en\/wp-json\/wp\/v2\/product"}],"about":[{"href":"https:\/\/addi.de\/en\/wp-json\/wp\/v2\/types\/product"}],"wp:featuredmedia":[{"embeddable":true,"href":"https:\/\/addi.de\/en\/wp-json\/wp\/v2\/media\/53420"}],"wp:attachment":[{"href":"https:\/\/addi.de\/en\/wp-json\/wp\/v2\/media?parent=17355"}],"wp:term":[{"taxonomy":"product_brand","embeddable":true,"href":"https:\/\/addi.de\/en\/wp-json\/wp\/v2\/product_brand?post=17355"},{"taxonomy":"product_cat","embeddable":true,"href":"https:\/\/addi.de\/en\/wp-json\/wp\/v2\/product_cat?post=17355"},{"taxonomy":"product_tag","embeddable":true,"href":"https:\/\/addi.de\/en\/wp-json\/wp\/v2\/product_tag?post=17355"}],"curies":[{"name":"wp","href":"https:\/\/api.w.org\/{rel}","templated":true}]}}