{"id":17367,"date":"2022-04-13T20:35:32","date_gmt":"2022-04-13T18:35:32","guid":{"rendered":"https:\/\/addi.de\/produkt\/addiclick-novel-lace-long-etui\/"},"modified":"2026-03-20T09:39:55","modified_gmt":"2026-03-20T08:39:55","slug":"addiclick-novel-lace-long-case-2","status":"publish","type":"product","link":"https:\/\/addi.de\/en\/product-3\/addiclick-novel-lace-long-case-2\/","title":{"rendered":"addiClick Novel Lace Long Set"},"content":{"rendered":"<p>The addiClick system needles are also available in a comprehensive set for Novel fans. The unique needles in a square design with rounded edges and lace tips enable fatigue-free knitting thanks to the Novel surface structure.<\/p>\n<p>The shape is joint-friendly, relieves pressure on the elbows and shoulders and also massages the hands. The structure guarantees a more even knitting pattern.<\/p>\n<p><strong>Included are: <\/strong><\/p>\n<ul>\n<li>Novel Lace Long lace pairs, sizes 3.5 - 8 mm<\/li>\n<li>Three red SOS cords (60, 80 and 100 cm)<\/li>\n<li>2 HeartStopper stitch stoppers<\/li>\n<li>Two couplings (long and short)<\/li>\n<li>A gold brooch and addiGrip pads (gripping aid)<\/li>\n<\/ul>\n<p>&nbsp;<\/p>\n<p>Without additional tools such as screws or spanners, the tips and ropes can be connected to each other just by turning and clicking.<\/p>\n<p><strong>Material:<\/strong> Brass white bronzed with two lace tips (125 mm) , size lasered onto needle tips, lasered with size on both needle tips<\/p>","protected":false},"excerpt":{"rendered":"<p>Auch f\u00fcr die Novel-Fans gibt es die addiClick Systemnadeln in einem umfangreichen Set. Die einzigartigen Nadeln im viereckigen Design mit runden Kanten und Lace-Spitzen erm\u00f6glichen durch die Oberfl\u00e4chenstruktur Novel erm\u00fcdungsfreies Stricken. Die Form ist gelenkschonend, entlastend f\u00fcr Ellbogen und Schulter und zudem noch eine Massage f\u00fcr die H\u00e4nde. Ein gleichm\u00e4\u00dfigeres Strickbild ist durch die Struktur [&hellip;]<\/p>","protected":false},"featured_media":53419,"template":"","meta":{"_acf_changed":false,"inline_featured_image":false},"product_brand":[],"product_cat":[69,585,363,86,366,73],"product_tag":[],"class_list":{"0":"post-17367","1":"product","2":"type-product","3":"status-publish","4":"has-post-thumbnail","6":"product_cat-addiclick-stricknadelsets","7":"product_cat-addiclick","8":"product_cat-addinovel","9":"product_cat-addiclick-lace","10":"product_cat-addiclick-novel","11":"product_cat-addi-geschenkideen","13":"first","14":"instock","15":"shipping-taxable","16":"purchasable","17":"product-type-simple"},"acf":[],"_links":{"self":[{"href":"https:\/\/addi.de\/en\/wp-json\/wp\/v2\/product\/17367","targetHints":{"allow":["GET"]}}],"collection":[{"href":"https:\/\/addi.de\/en\/wp-json\/wp\/v2\/product"}],"about":[{"href":"https:\/\/addi.de\/en\/wp-json\/wp\/v2\/types\/product"}],"wp:featuredmedia":[{"embeddable":true,"href":"https:\/\/addi.de\/en\/wp-json\/wp\/v2\/media\/53419"}],"wp:attachment":[{"href":"https:\/\/addi.de\/en\/wp-json\/wp\/v2\/media?parent=17367"}],"wp:term":[{"taxonomy":"product_brand","embeddable":true,"href":"https:\/\/addi.de\/en\/wp-json\/wp\/v2\/product_brand?post=17367"},{"taxonomy":"product_cat","embeddable":true,"href":"https:\/\/addi.de\/en\/wp-json\/wp\/v2\/product_cat?post=17367"},{"taxonomy":"product_tag","embeddable":true,"href":"https:\/\/addi.de\/en\/wp-json\/wp\/v2\/product_tag?post=17367"}],"curies":[{"name":"wp","href":"https:\/\/api.w.org\/{rel}","templated":true}]}}