{"id":17379,"date":"2022-04-13T20:35:39","date_gmt":"2022-04-13T18:35:39","guid":{"rendered":"https:\/\/addi.de\/produkt\/addiclick-lace-short-etui\/"},"modified":"2026-01-01T01:07:10","modified_gmt":"2026-01-01T00:07:10","slug":"addiclick-lace-short-etui","status":"publish","type":"product","link":"https:\/\/addi.de\/en\/product-3\/addiclick-lace-short-etui\/","title":{"rendered":"addiClick Lace Short Set"},"content":{"rendered":"<p>You won't want to miss out on this! With extra short, extra pointed tips and two short cords for baby clothes, sleeves or socks, for example - very fine yarn counts and delicate patterns can be knitted very easily thanks to the narrowly shaped tips. Without additional tools such as screws or spanners, the tips and cords can be joined together simply by twisting and clicking.<\/p>\n<p><strong>Included are:<\/strong><\/p>\n<ul>\n<li>8 Lace Short tip pairs, size 3,5 \u2013 8 mm<\/li>\n<li>Five red lace cords (40, 50, 60, 80 und 100 cm)<\/li>\n<li>2 HeartStopper stitch stoppers<\/li>\n<li>Two couplings (long and short)<\/li>\n<li>A gold brooch and addiGrip pads (gripping aid)<\/li>\n<\/ul>\n<p><strong>The shortness of the tips<\/strong> is very suitable for knitting medium diameters with short cables from 40 cm. Whether hats or sleeves - thanks to the 90 mm short tips, smaller diameters can also be knitted with a circular needle.<\/p>\n<p><strong>Material:<\/strong> Textile case, brass tips (90 mm) white bronzed with extra fine tips<\/p>","protected":false},"excerpt":{"rendered":"<p>Das l\u00e4sst man sich nicht entgehen! Mit extra kurzen, extra spitzen Spitzen und zwei kurzen Seilen zum Beispiel f\u00fcr Babykleidung, \u00c4rmel oder Socken \u2013 dank schmal geformter Spitzen lassen sich sehr feine Garnst\u00e4rken und zarte Muster sehr gut verstricken. Ohne zus\u00e4tzliches Werkzeug, wie Schrauben oder Schl\u00fcssel, lassen sich die Spitzen und Seile allein durch Drehen [&hellip;]<\/p>","protected":false},"featured_media":53418,"template":"","meta":{"_acf_changed":false,"inline_featured_image":false},"product_brand":[],"product_cat":[585,69,86,73],"product_tag":[],"class_list":{"0":"post-17379","1":"product","2":"type-product","3":"status-publish","4":"has-post-thumbnail","6":"product_cat-addiclick","7":"product_cat-addiclick-stricknadelsets","8":"product_cat-addiclick-lace","9":"product_cat-addi-geschenkideen","11":"first","12":"instock","13":"shipping-taxable","14":"purchasable","15":"product-type-simple"},"acf":[],"_links":{"self":[{"href":"https:\/\/addi.de\/en\/wp-json\/wp\/v2\/product\/17379","targetHints":{"allow":["GET"]}}],"collection":[{"href":"https:\/\/addi.de\/en\/wp-json\/wp\/v2\/product"}],"about":[{"href":"https:\/\/addi.de\/en\/wp-json\/wp\/v2\/types\/product"}],"wp:featuredmedia":[{"embeddable":true,"href":"https:\/\/addi.de\/en\/wp-json\/wp\/v2\/media\/53418"}],"wp:attachment":[{"href":"https:\/\/addi.de\/en\/wp-json\/wp\/v2\/media?parent=17379"}],"wp:term":[{"taxonomy":"product_brand","embeddable":true,"href":"https:\/\/addi.de\/en\/wp-json\/wp\/v2\/product_brand?post=17379"},{"taxonomy":"product_cat","embeddable":true,"href":"https:\/\/addi.de\/en\/wp-json\/wp\/v2\/product_cat?post=17379"},{"taxonomy":"product_tag","embeddable":true,"href":"https:\/\/addi.de\/en\/wp-json\/wp\/v2\/product_tag?post=17379"}],"curies":[{"name":"wp","href":"https:\/\/api.w.org\/{rel}","templated":true}]}}