{"id":17552,"date":"2022-04-13T20:36:38","date_gmt":"2022-04-13T18:36:38","guid":{"rendered":"https:\/\/addi.de\/produkt\/addistore-tueraufkleber\/"},"modified":"2026-01-01T01:07:14","modified_gmt":"2026-01-01T00:07:14","slug":"addistore-tueraufkleber","status":"publish","type":"product","link":"https:\/\/addi.de\/en\/product-3\/addistore-tueraufkleber\/","title":{"rendered":"addiStore door sticker"},"content":{"rendered":"<p>addiStore door sticker \u2013 show your customers that you stock addi needles.<\/p>\n<p>This weatherproof sticker is easy to attach to shop windows or doors. Your customers will see from afar that you are an addi dealer.<\/p>","protected":false},"excerpt":{"rendered":"<p>addiStore T\u00fcraufkleber &#8211; zeigen Sie Ihren Kunden, dass Sie addi-Nadeln f\u00fchren. Dieser wetterfeste Aufkleber ist einfach an Schaufenster oder T\u00fcr zu befestigen. So sehen Ihre Kunden schon von weitem, dass Sie addi-H\u00e4ndler sind.<\/p>","protected":false},"featured_media":24207,"template":"","meta":{"_acf_changed":false,"inline_featured_image":false},"product_brand":[],"product_cat":[97,506],"product_tag":[],"class_list":{"0":"post-17552","1":"product","2":"type-product","3":"status-publish","4":"has-post-thumbnail","6":"product_cat-verkaufsmodule","7":"product_cat-werbematerial","9":"first","10":"instock","11":"shipping-taxable","12":"purchasable","13":"product-type-simple"},"acf":[],"_links":{"self":[{"href":"https:\/\/addi.de\/en\/wp-json\/wp\/v2\/product\/17552","targetHints":{"allow":["GET"]}}],"collection":[{"href":"https:\/\/addi.de\/en\/wp-json\/wp\/v2\/product"}],"about":[{"href":"https:\/\/addi.de\/en\/wp-json\/wp\/v2\/types\/product"}],"wp:featuredmedia":[{"embeddable":true,"href":"https:\/\/addi.de\/en\/wp-json\/wp\/v2\/media\/24207"}],"wp:attachment":[{"href":"https:\/\/addi.de\/en\/wp-json\/wp\/v2\/media?parent=17552"}],"wp:term":[{"taxonomy":"product_brand","embeddable":true,"href":"https:\/\/addi.de\/en\/wp-json\/wp\/v2\/product_brand?post=17552"},{"taxonomy":"product_cat","embeddable":true,"href":"https:\/\/addi.de\/en\/wp-json\/wp\/v2\/product_cat?post=17552"},{"taxonomy":"product_tag","embeddable":true,"href":"https:\/\/addi.de\/en\/wp-json\/wp\/v2\/product_tag?post=17552"}],"curies":[{"name":"wp","href":"https:\/\/api.w.org\/{rel}","templated":true}]}}