{"id":17553,"date":"2022-04-13T20:36:46","date_gmt":"2022-04-13T18:36:46","guid":{"rendered":"https:\/\/addi.de\/produkt\/addistand-standmodul-leer\/"},"modified":"2026-01-01T01:07:15","modified_gmt":"2026-01-01T00:07:15","slug":"addistand-standmodul-leer","status":"publish","type":"product","link":"https:\/\/addi.de\/en\/product-3\/addistand-standmodul-leer\/","title":{"rendered":"addiStand sales display, empty"},"content":{"rendered":"<p>Perfect presentation of addi products on a modern metal module in a matt black colour. Ideal for a beautiful, large addi range on 128 hooks.<\/p>\n<p><strong>Dimensions:<\/strong> Width 131 cm x High 216 cm<\/p>\n<p><a href=\"https:\/\/addi.de\/wp-content\/uploads\/2023\/10\/796-6_Display-Standmodul_Bestueckungsvorschlaege.pdf\">Assembly plans as PDF<\/a><\/p>","protected":false},"excerpt":{"rendered":"<p>Perfekte Pr\u00e4sentation von addi-Produkten auf einem modernen Metallmodul in einem Schwarz-matt. Ideal f\u00fcr ein sch\u00f6nes, gro\u00dfes addi-Sortiment auf 128 Haken. Ma\u00dfe: Breite 131 cm x H\u00f6he 216 cm Best\u00fcckungspl\u00e4ne als PDF<\/p>","protected":false},"featured_media":48401,"template":"","meta":{"_acf_changed":false,"inline_featured_image":false},"product_brand":[],"product_cat":[74,97],"product_tag":[],"class_list":{"0":"post-17553","1":"product","2":"type-product","3":"status-publish","4":"has-post-thumbnail","6":"product_cat-haendlerzubehoer","7":"product_cat-verkaufsmodule","9":"first","10":"instock","11":"shipping-taxable","12":"purchasable","13":"product-type-simple"},"acf":[],"_links":{"self":[{"href":"https:\/\/addi.de\/en\/wp-json\/wp\/v2\/product\/17553","targetHints":{"allow":["GET"]}}],"collection":[{"href":"https:\/\/addi.de\/en\/wp-json\/wp\/v2\/product"}],"about":[{"href":"https:\/\/addi.de\/en\/wp-json\/wp\/v2\/types\/product"}],"wp:featuredmedia":[{"embeddable":true,"href":"https:\/\/addi.de\/en\/wp-json\/wp\/v2\/media\/48401"}],"wp:attachment":[{"href":"https:\/\/addi.de\/en\/wp-json\/wp\/v2\/media?parent=17553"}],"wp:term":[{"taxonomy":"product_brand","embeddable":true,"href":"https:\/\/addi.de\/en\/wp-json\/wp\/v2\/product_brand?post=17553"},{"taxonomy":"product_cat","embeddable":true,"href":"https:\/\/addi.de\/en\/wp-json\/wp\/v2\/product_cat?post=17553"},{"taxonomy":"product_tag","embeddable":true,"href":"https:\/\/addi.de\/en\/wp-json\/wp\/v2\/product_tag?post=17553"}],"curies":[{"name":"wp","href":"https:\/\/api.w.org\/{rel}","templated":true}]}}