{"id":17555,"date":"2023-03-30T22:00:46","date_gmt":"2023-03-30T20:00:46","guid":{"rendered":"https:\/\/addi.de\/produkt\/addi-katalog\/"},"modified":"2026-03-27T11:02:53","modified_gmt":"2026-03-27T10:02:53","slug":"addi-catalog","status":"publish","type":"product","link":"https:\/\/addi.de\/en\/product-3\/addi-catalog\/","title":{"rendered":"addi catalogue"},"content":{"rendered":"<p>addi catalogue - the entire range clearly arranged in one catalogue every year.<\/p>\n<p><a href=\"https:\/\/addi.de\/en\/addi-catalog\/\"><strong>Browse the catalogue online here<\/strong><\/a><\/p>\n<p>&nbsp;<\/p>","protected":false},"excerpt":{"rendered":"<p>addi Katalog &#8211; j\u00e4hrlich das gesamte Sortiment \u00fcbersichtlich in einem Katalog. Hier online im Katalog bl\u00e4ttern &nbsp;<\/p>","protected":false},"featured_media":74265,"template":"","meta":{"_acf_changed":false,"inline_featured_image":false},"product_brand":[],"product_cat":[74,506,23],"product_tag":[],"class_list":{"0":"post-17555","1":"product","2":"type-product","3":"status-publish","4":"has-post-thumbnail","6":"product_cat-haendlerzubehoer","7":"product_cat-werbematerial","8":"product_cat-unkategorisiert","10":"first","11":"instock","12":"shipping-taxable","13":"purchasable","14":"product-type-simple"},"acf":[],"_links":{"self":[{"href":"https:\/\/addi.de\/en\/wp-json\/wp\/v2\/product\/17555","targetHints":{"allow":["GET"]}}],"collection":[{"href":"https:\/\/addi.de\/en\/wp-json\/wp\/v2\/product"}],"about":[{"href":"https:\/\/addi.de\/en\/wp-json\/wp\/v2\/types\/product"}],"wp:featuredmedia":[{"embeddable":true,"href":"https:\/\/addi.de\/en\/wp-json\/wp\/v2\/media\/74265"}],"wp:attachment":[{"href":"https:\/\/addi.de\/en\/wp-json\/wp\/v2\/media?parent=17555"}],"wp:term":[{"taxonomy":"product_brand","embeddable":true,"href":"https:\/\/addi.de\/en\/wp-json\/wp\/v2\/product_brand?post=17555"},{"taxonomy":"product_cat","embeddable":true,"href":"https:\/\/addi.de\/en\/wp-json\/wp\/v2\/product_cat?post=17555"},{"taxonomy":"product_tag","embeddable":true,"href":"https:\/\/addi.de\/en\/wp-json\/wp\/v2\/product_tag?post=17555"}],"curies":[{"name":"wp","href":"https:\/\/api.w.org\/{rel}","templated":true}]}}