{"id":17562,"date":"2022-04-13T20:36:46","date_gmt":"2022-04-13T18:36:46","guid":{"rendered":"https:\/\/addi.de\/produkt\/flyer-addiclick\/"},"modified":"2026-03-20T09:50:25","modified_gmt":"2026-03-20T08:50:25","slug":"flyer-addiclick","status":"publish","type":"product","link":"https:\/\/addi.de\/en\/product-3\/flyer-addiclick\/","title":{"rendered":"Flyer addiClick (German\/ English)"},"content":{"rendered":"<p>Flyer addiClick \u2013 the addiClick system at a glance with quick start guide (German\/English)<\/p>\n<p>A detailed overview of the product range for your customers, with all structures, colors and lengths.<\/p>\n<p><a href=\"https:\/\/addi.de\/wp-content\/uploads\/2023\/05\/812-0_addiClick-Flyer-web_DE-EN-1.pdf\">View flyer here online<\/a><\/p>","protected":false},"excerpt":{"rendered":"<p>Flyer addiClick &#8211; das addiClick-System im \u00dcberblick mit Kurzanleitung (Deutsch\/Englisch). Eine detailierte Sortiments\u00fcbersicht f\u00fcr Ihre Kunden, mit allen Strukturen, Farben und L\u00e4ngenangaben. Flyer hier online anschauen<\/p>","protected":false},"featured_media":43238,"template":"","meta":{"_acf_changed":false,"inline_featured_image":false},"product_brand":[],"product_cat":[506,23],"product_tag":[],"class_list":{"0":"post-17562","1":"product","2":"type-product","3":"status-publish","4":"has-post-thumbnail","6":"product_cat-werbematerial","7":"product_cat-unkategorisiert","8":"pa_variante-auch-in-englisch-und-franzoesisch-erhaeltlich","10":"first","11":"instock","12":"shipping-taxable","13":"purchasable","14":"product-type-simple"},"acf":[],"_links":{"self":[{"href":"https:\/\/addi.de\/en\/wp-json\/wp\/v2\/product\/17562","targetHints":{"allow":["GET"]}}],"collection":[{"href":"https:\/\/addi.de\/en\/wp-json\/wp\/v2\/product"}],"about":[{"href":"https:\/\/addi.de\/en\/wp-json\/wp\/v2\/types\/product"}],"wp:featuredmedia":[{"embeddable":true,"href":"https:\/\/addi.de\/en\/wp-json\/wp\/v2\/media\/43238"}],"wp:attachment":[{"href":"https:\/\/addi.de\/en\/wp-json\/wp\/v2\/media?parent=17562"}],"wp:term":[{"taxonomy":"product_brand","embeddable":true,"href":"https:\/\/addi.de\/en\/wp-json\/wp\/v2\/product_brand?post=17562"},{"taxonomy":"product_cat","embeddable":true,"href":"https:\/\/addi.de\/en\/wp-json\/wp\/v2\/product_cat?post=17562"},{"taxonomy":"product_tag","embeddable":true,"href":"https:\/\/addi.de\/en\/wp-json\/wp\/v2\/product_tag?post=17562"}],"curies":[{"name":"wp","href":"https:\/\/api.w.org\/{rel}","templated":true}]}}