{"id":17564,"date":"2022-04-13T20:36:46","date_gmt":"2022-04-13T18:36:46","guid":{"rendered":"https:\/\/addi.de\/produkt\/anleitungsheft-addicrasytrio\/"},"modified":"2026-01-01T01:07:15","modified_gmt":"2026-01-01T00:07:15","slug":"instruction-booklet-addicrasytrio","status":"publish","type":"product","link":"https:\/\/addi.de\/en\/product-3\/instruction-booklet-addicrasytrio\/","title":{"rendered":"Instruction booklet for addiCraSyTrio"},"content":{"rendered":"<p>The addiCraSyTrio instruction booklet offers 6 free knitting instructions for the bendable knitting yarn.<\/p>\n<p>In addition to a size chart, basic instructions for <span dir=\"ltr\" role=\"presentation\">classic heel, boomerang heel, band toe and propeller toe are explained.<\/span><\/p>\n<p>A digital version is available for download:<\/p>\n<p><a href=\"https:\/\/addi.de\/wp-content\/uploads\/2022\/06\/818-0_addiCraSyTrio-Anleitungsheft_digital-1.pdf\" target=\"_blank\" rel=\"noopener\">addiCraSyTrio instruction booklet<\/a><\/p>","protected":false},"excerpt":{"rendered":"<p>Das Anleitungsheft addiCraSyTrio bietet 6 kostenlose Strickanleitungen f\u00fcr das biegsame Strumpfstricknadelspiel. Neben einer Gr\u00f6\u00dfentabelle werden au\u00dferdem Grundanleitungen f\u00fcr K\u00e4ppchenferse, Bumerangferse, Bandspitze und Propellerspitze erkl\u00e4rt. Es steht eine digitale Version zum Download bereit: addiCraSyTrio-Anleitungsheft<\/p>","protected":false},"featured_media":24007,"template":"","meta":{"_acf_changed":false,"inline_featured_image":false},"product_brand":[],"product_cat":[358,75,362],"product_tag":[],"class_list":{"0":"post-17564","1":"product","2":"type-product","3":"status-publish","4":"has-post-thumbnail","6":"product_cat-anleitungshefte","7":"product_cat-addicrasytrio","8":"product_cat-kostenlose-anleitungshefte","10":"first","11":"instock","12":"shipping-taxable","13":"purchasable","14":"product-type-simple"},"acf":[],"_links":{"self":[{"href":"https:\/\/addi.de\/en\/wp-json\/wp\/v2\/product\/17564","targetHints":{"allow":["GET"]}}],"collection":[{"href":"https:\/\/addi.de\/en\/wp-json\/wp\/v2\/product"}],"about":[{"href":"https:\/\/addi.de\/en\/wp-json\/wp\/v2\/types\/product"}],"wp:featuredmedia":[{"embeddable":true,"href":"https:\/\/addi.de\/en\/wp-json\/wp\/v2\/media\/24007"}],"wp:attachment":[{"href":"https:\/\/addi.de\/en\/wp-json\/wp\/v2\/media?parent=17564"}],"wp:term":[{"taxonomy":"product_brand","embeddable":true,"href":"https:\/\/addi.de\/en\/wp-json\/wp\/v2\/product_brand?post=17564"},{"taxonomy":"product_cat","embeddable":true,"href":"https:\/\/addi.de\/en\/wp-json\/wp\/v2\/product_cat?post=17564"},{"taxonomy":"product_tag","embeddable":true,"href":"https:\/\/addi.de\/en\/wp-json\/wp\/v2\/product_tag?post=17564"}],"curies":[{"name":"wp","href":"https:\/\/api.w.org\/{rel}","templated":true}]}}