{"id":17580,"date":"2022-04-13T20:36:50","date_gmt":"2022-04-13T18:36:50","guid":{"rendered":"https:\/\/addi.de\/produkt\/addiei-strickmaschine\/"},"modified":"2026-01-01T01:07:16","modified_gmt":"2026-01-01T00:07:16","slug":"addiei-knitting-machine","status":"publish","type":"product","link":"https:\/\/addi.de\/en\/product-3\/addiei-knitting-machine\/","title":{"rendered":"addiEi knitting machine"},"content":{"rendered":"<p>The popular knitting machines addiExpress and addiExpress Kingsize have had offspring - the addiEi. Not for consumption but for a lot of fun there is this small knitting machine with 6 needles for 3-4 mm thick yarn. Knitting cords are finished in no time.<\/p>\n<p>This completes the addi knitting machine family for the time being, and we can't wait to see what addi fans conjure up with it.<\/p>\n<p>The instruction manual and weight are included in the package.<\/p>","protected":false},"excerpt":{"rendered":"<p>Die beliebten Strickmaschinen addiExpress und addiExpress Kingsize haben Nachwuchs bekommen \u2013 das addiEi. Nicht zum Verzehr aber f\u00fcr viel Spa\u00df gibt es diese kleine Strickmaschine mit 6 Nadeln f\u00fcr 3-4 mm dickes Garn. Strickkordeln sind im Nu fertiggestellt. Damit ist die addi Strickmaschinen-Familie erst einmal komplett und wir sind gespannt, was die addi Fans damit [&hellip;]<\/p>","protected":false},"featured_media":29646,"template":"","meta":{"_acf_changed":false,"inline_featured_image":false},"product_brand":[],"product_cat":[126,356,73],"product_tag":[],"class_list":{"0":"post-17580","1":"product","2":"type-product","3":"status-publish","4":"has-post-thumbnail","6":"product_cat-addiexpress","7":"product_cat-strickmaschinen","8":"product_cat-addi-geschenkideen","10":"first","11":"instock","12":"shipping-taxable","13":"purchasable","14":"product-type-simple"},"acf":[],"_links":{"self":[{"href":"https:\/\/addi.de\/en\/wp-json\/wp\/v2\/product\/17580","targetHints":{"allow":["GET"]}}],"collection":[{"href":"https:\/\/addi.de\/en\/wp-json\/wp\/v2\/product"}],"about":[{"href":"https:\/\/addi.de\/en\/wp-json\/wp\/v2\/types\/product"}],"wp:featuredmedia":[{"embeddable":true,"href":"https:\/\/addi.de\/en\/wp-json\/wp\/v2\/media\/29646"}],"wp:attachment":[{"href":"https:\/\/addi.de\/en\/wp-json\/wp\/v2\/media?parent=17580"}],"wp:term":[{"taxonomy":"product_brand","embeddable":true,"href":"https:\/\/addi.de\/en\/wp-json\/wp\/v2\/product_brand?post=17580"},{"taxonomy":"product_cat","embeddable":true,"href":"https:\/\/addi.de\/en\/wp-json\/wp\/v2\/product_cat?post=17580"},{"taxonomy":"product_tag","embeddable":true,"href":"https:\/\/addi.de\/en\/wp-json\/wp\/v2\/product_tag?post=17580"}],"curies":[{"name":"wp","href":"https:\/\/api.w.org\/{rel}","templated":true}]}}