{"id":17590,"date":"2022-04-13T20:36:50","date_gmt":"2022-04-13T18:36:50","guid":{"rendered":"https:\/\/addi.de\/produkt\/addiexpress-stopper-begrenzungshilfen\/"},"modified":"2026-02-04T09:47:08","modified_gmt":"2026-02-04T08:47:08","slug":"addiexpress-stopper-2","status":"publish","type":"product","link":"https:\/\/addi.de\/en\/product-3\/addiexpress-stopper-2\/","title":{"rendered":"addiExpress Stopper Limiting Aids"},"content":{"rendered":"<p><strong>addiExpress Stopper - suitable for both knitting machines.<\/strong><\/p>\n<p>You can use the stoppers to wind narrower panels and always end the row in the same position. This is particularly helpful if you want to create a uniform width. <span data-offset-key=\"95otg-0-0\">The addiStopper allows you to personally set the\n width of your panels for a fast and clean finish. <\/span><\/p>\n<div data-offset-key=\"95otg-0-0\">The set contains two stoppers.<\/div>","protected":false},"excerpt":{"rendered":"<p>addiExpress Stopper &#8211; f\u00fcr beide Strickmaschinen geeignet. Mithilfe der Stopper k\u00f6nnen Sie schmalere Bahnen kurbeln und die Reihe immer an derselben Stelle beenden. Das ist besonders hilfreich, wenn das Strickst\u00fcck eine gleichm\u00e4\u00dfige Breite erhalten soll. Der addiStopper erm\u00f6glicht Ihnen individuell in schneller und sauberer Ausfu\u0308hrung die Bahnbreite zu bestimmen. Das Set enth\u00e4lt zwei Stopper.<\/p>","protected":false},"featured_media":29684,"template":"","meta":{"_acf_changed":false,"inline_featured_image":false},"product_brand":[],"product_cat":[90,589,92],"product_tag":[],"class_list":{"0":"post-17590","1":"product","2":"type-product","3":"status-publish","4":"has-post-thumbnail","6":"product_cat-zubehoer-addiexpress","7":"product_cat-addiexpress-zubehoer-2","8":"product_cat-addiexpress-zubehoer","10":"first","11":"instock","12":"shipping-taxable","13":"purchasable","14":"product-type-simple"},"acf":[],"_links":{"self":[{"href":"https:\/\/addi.de\/en\/wp-json\/wp\/v2\/product\/17590","targetHints":{"allow":["GET"]}}],"collection":[{"href":"https:\/\/addi.de\/en\/wp-json\/wp\/v2\/product"}],"about":[{"href":"https:\/\/addi.de\/en\/wp-json\/wp\/v2\/types\/product"}],"wp:featuredmedia":[{"embeddable":true,"href":"https:\/\/addi.de\/en\/wp-json\/wp\/v2\/media\/29684"}],"wp:attachment":[{"href":"https:\/\/addi.de\/en\/wp-json\/wp\/v2\/media?parent=17590"}],"wp:term":[{"taxonomy":"product_brand","embeddable":true,"href":"https:\/\/addi.de\/en\/wp-json\/wp\/v2\/product_brand?post=17590"},{"taxonomy":"product_cat","embeddable":true,"href":"https:\/\/addi.de\/en\/wp-json\/wp\/v2\/product_cat?post=17590"},{"taxonomy":"product_tag","embeddable":true,"href":"https:\/\/addi.de\/en\/wp-json\/wp\/v2\/product_tag?post=17590"}],"curies":[{"name":"wp","href":"https:\/\/api.w.org\/{rel}","templated":true}]}}