{"id":17591,"date":"2022-04-13T20:36:50","date_gmt":"2022-04-13T18:36:50","guid":{"rendered":"https:\/\/addi.de\/produkt\/addiexpress-ersatznadeln\/"},"modified":"2026-02-04T09:48:07","modified_gmt":"2026-02-04T08:48:07","slug":"addiexpress-replacement-needle-set-2","status":"publish","type":"product","link":"https:\/\/addi.de\/en\/produkt\/addiexpress-ersatznadel-set\/","title":{"rendered":"addiExpress replacement needle set"},"content":{"rendered":"<p><strong>Replacement needle addiExpress \u2013 for addiExpress Professional and addiExpress Kingsize. <\/strong>The packet contains 4 white needles, 1 black needle and 1 plastic needle.<\/p>\n<p>The knitting machines each have 3 black needles to mark the round or do not knit in rows when cranking. All other needles are white. The shape of all needles is the same. We offer as spare parts both <a href=\"https:\/\/addi.de\/en\/product-3\/weisse-ersatznadel-addiexpress-und-kingsize\/\">single white needles (click)<\/a>, as well as a set with white and black needles.<\/p>\n<p>The addiExpress knitting machines are long-lasting companions for your knitting projects - whether used privately or commercially. After many years of use, however, some components may need to be replaced. That is why we also offer all wearing parts as spare parts. The repair is easy and can be done at home. The photos below show how it's done.<\/p>","protected":false},"excerpt":{"rendered":"<p>Ersatznadel-Set addiExpress &#8211; f\u00fcr addiExpress Professional und addiExpress Kingsize. Das P\u00e4ckchen enth\u00e4lt 4 wei\u00dfe Nadeln, 1 schwarze Nadel und 1 Abnehmnadel. Die Strickmaschinen haben jeweils 3 schwarze Nadeln zum markieren des Runden bzw. stricken die bei Kurbel arbeiten in Reihen nicht mit. Alle anderen nadeln sind wei\u00df. Die Form aller Nadeln ist gleich. Wir bieten [&hellip;]<\/p>\n","protected":false},"featured_media":29708,"template":"","meta":{"_acf_changed":false,"inline_featured_image":false},"product_brand":[],"product_cat":[90,589,92],"product_tag":[],"class_list":{"0":"post-17591","1":"product","2":"type-product","3":"status-publish","4":"has-post-thumbnail","6":"product_cat-zubehoer-addiexpress","7":"product_cat-addiexpress-zubehoer-2","8":"product_cat-addiexpress-zubehoer","10":"first","11":"instock","12":"shipping-taxable","13":"purchasable","14":"product-type-simple"},"acf":[],"_links":{"self":[{"href":"https:\/\/addi.de\/en\/wp-json\/wp\/v2\/product\/17591","targetHints":{"allow":["GET"]}}],"collection":[{"href":"https:\/\/addi.de\/en\/wp-json\/wp\/v2\/product"}],"about":[{"href":"https:\/\/addi.de\/en\/wp-json\/wp\/v2\/types\/product"}],"wp:featuredmedia":[{"embeddable":true,"href":"https:\/\/addi.de\/en\/wp-json\/wp\/v2\/media\/29708"}],"wp:attachment":[{"href":"https:\/\/addi.de\/en\/wp-json\/wp\/v2\/media?parent=17591"}],"wp:term":[{"taxonomy":"product_brand","embeddable":true,"href":"https:\/\/addi.de\/en\/wp-json\/wp\/v2\/product_brand?post=17591"},{"taxonomy":"product_cat","embeddable":true,"href":"https:\/\/addi.de\/en\/wp-json\/wp\/v2\/product_cat?post=17591"},{"taxonomy":"product_tag","embeddable":true,"href":"https:\/\/addi.de\/en\/wp-json\/wp\/v2\/product_tag?post=17591"}],"curies":[{"name":"wp","href":"https:\/\/api.w.org\/{rel}","templated":true}]}}