{"id":17592,"date":"2022-04-13T20:36:50","date_gmt":"2022-04-13T18:36:50","guid":{"rendered":"https:\/\/addi.de\/produkt\/addismyrna-sticknadeln\/"},"modified":"2026-01-01T01:07:16","modified_gmt":"2026-01-01T00:07:16","slug":"addismyrna-embroidery-needles","status":"publish","type":"product","link":"https:\/\/addi.de\/en\/product-3\/addismyrna-embroidery-needles\/","title":{"rendered":"addiSmyrna embroidery needles"},"content":{"rendered":"<p>Embroidery Needles, not pointed, 25 pieces in paper packaging<\/p>\n<p>A needle not only for embroidery, but also for sewing thin knitting and crochet yarns.<\/p>","protected":false},"excerpt":{"rendered":"<p>Sticknadeln ohne Spitze, 25 St\u00fcck im Briefchen. Eine Nadel nicht nur zum Sticken, sondern auch zum vern\u00e4hen d\u00fcnner Strick- und H\u00e4kelgarne.<\/p>","protected":false},"featured_media":29688,"template":"","meta":{"_acf_changed":false,"inline_featured_image":false},"product_brand":[],"product_cat":[357,602,583],"product_tag":[],"class_list":{"0":"post-17592","1":"product","2":"type-product","3":"status-publish","4":"has-post-thumbnail","6":"product_cat-zubehoer-stricken-haekeln","7":"product_cat-strickzubehoer-2","8":"product_cat-haekelzubehoer","10":"first","11":"instock","12":"shipping-taxable","13":"purchasable","14":"product-type-simple"},"acf":[],"_links":{"self":[{"href":"https:\/\/addi.de\/en\/wp-json\/wp\/v2\/product\/17592","targetHints":{"allow":["GET"]}}],"collection":[{"href":"https:\/\/addi.de\/en\/wp-json\/wp\/v2\/product"}],"about":[{"href":"https:\/\/addi.de\/en\/wp-json\/wp\/v2\/types\/product"}],"wp:featuredmedia":[{"embeddable":true,"href":"https:\/\/addi.de\/en\/wp-json\/wp\/v2\/media\/29688"}],"wp:attachment":[{"href":"https:\/\/addi.de\/en\/wp-json\/wp\/v2\/media?parent=17592"}],"wp:term":[{"taxonomy":"product_brand","embeddable":true,"href":"https:\/\/addi.de\/en\/wp-json\/wp\/v2\/product_brand?post=17592"},{"taxonomy":"product_cat","embeddable":true,"href":"https:\/\/addi.de\/en\/wp-json\/wp\/v2\/product_cat?post=17592"},{"taxonomy":"product_tag","embeddable":true,"href":"https:\/\/addi.de\/en\/wp-json\/wp\/v2\/product_tag?post=17592"}],"curies":[{"name":"wp","href":"https:\/\/api.w.org\/{rel}","templated":true}]}}