{"id":17593,"date":"2022-04-13T20:36:56","date_gmt":"2022-04-13T18:36:56","guid":{"rendered":"https:\/\/addi.de\/produkt\/addiloop-vernaehnadel\/"},"modified":"2026-01-01T01:07:16","modified_gmt":"2026-01-01T00:07:16","slug":"addiloop-vernaehnadel-2","status":"publish","type":"product","link":"https:\/\/addi.de\/en\/produkt\/addiloop-vernaehnadel\/","title":{"rendered":"addiLoop darning needle"},"content":{"rendered":"<p>Die praktischen Nadeln zum Vern\u00e4hen auch f\u00fcr richtig dicke F\u00e4den. Nat\u00fcrlich &#8222;Made in Germany&#8220;.<\/p>\n<p>Das Set besteht aus zwei Vern\u00e4hnadeln in den St\u00e4rken 2,5 und 3,75 mm und erleichtert das Einf\u00e4deln dicker Wolle zum Vern\u00e4hen von Strick- und H\u00e4kelst\u00fccken. Die L\u00e4nge mit Seil betr\u00e4gt etwa 95 mm.<\/p>\n<p><strong>Material:<\/strong> Brass, white-bronzed with plastic rope in gold<\/p>","protected":false},"excerpt":{"rendered":"<p>2,5 mm + 3,75 mm<\/p>","protected":false},"featured_media":68474,"template":"","meta":{"_acf_changed":false,"inline_featured_image":false},"product_brand":[],"product_cat":[602,357],"product_tag":[],"class_list":{"0":"post-17593","1":"product","2":"type-product","3":"status-publish","4":"has-post-thumbnail","6":"product_cat-strickzubehoer-2","7":"product_cat-zubehoer-stricken-haekeln","9":"first","10":"instock","11":"shipping-taxable","12":"purchasable","13":"product-type-simple"},"acf":[],"_links":{"self":[{"href":"https:\/\/addi.de\/en\/wp-json\/wp\/v2\/product\/17593","targetHints":{"allow":["GET"]}}],"collection":[{"href":"https:\/\/addi.de\/en\/wp-json\/wp\/v2\/product"}],"about":[{"href":"https:\/\/addi.de\/en\/wp-json\/wp\/v2\/types\/product"}],"wp:featuredmedia":[{"embeddable":true,"href":"https:\/\/addi.de\/en\/wp-json\/wp\/v2\/media\/68474"}],"wp:attachment":[{"href":"https:\/\/addi.de\/en\/wp-json\/wp\/v2\/media?parent=17593"}],"wp:term":[{"taxonomy":"product_brand","embeddable":true,"href":"https:\/\/addi.de\/en\/wp-json\/wp\/v2\/product_brand?post=17593"},{"taxonomy":"product_cat","embeddable":true,"href":"https:\/\/addi.de\/en\/wp-json\/wp\/v2\/product_cat?post=17593"},{"taxonomy":"product_tag","embeddable":true,"href":"https:\/\/addi.de\/en\/wp-json\/wp\/v2\/product_tag?post=17593"}],"curies":[{"name":"wp","href":"https:\/\/api.w.org\/{rel}","templated":true}]}}