{"id":17600,"date":"2022-04-13T20:36:56","date_gmt":"2022-04-13T18:36:56","guid":{"rendered":"https:\/\/addi.de\/produkt\/anleitungsheft-twiddle-muff\/"},"modified":"2026-01-01T01:07:17","modified_gmt":"2026-01-01T00:07:17","slug":"anleitungsheft-twiddle-muff","status":"publish","type":"product","link":"https:\/\/addi.de\/en\/product-3\/anleitungsheft-twiddle-muff\/","title":{"rendered":"Instruction booklet Twiddle Muff"},"content":{"rendered":"<p>Twiddle muffs serve as a therapeutic activity for restless fingers, training the muscles and activating the senses. They can be knitted or crocheted from wool scraps.<\/p>\n<p>A digital version is available for download:<\/p>\n<p><a href=\"https:\/\/addi.de\/wp-content\/uploads\/2022\/05\/Service_Anleitung_addiExpress_TwiddleMuff.pdf\" target=\"_blank\" rel=\"noopener\">addiCraSyTrio instruction booklet<\/a><\/p>","protected":false},"excerpt":{"rendered":"<p>Twiddle-Muffs dienen der therapeutischen Besch\u00e4ftigung f\u00fcr ruhelosen Finger, dem Training der Muskulatur und dem Aktivieren der Sinne. Gestrickt oder geh\u00e4kelt k\u00f6nnen sie aus Wollresten angefertigt werden. Es steht eine digitale Version zum Download bereit: addiCraSyTrio-Anleitungsheft<\/p>","protected":false},"featured_media":29774,"template":"","meta":{"_acf_changed":false,"inline_featured_image":false},"product_brand":[],"product_cat":[362,358],"product_tag":[],"class_list":{"0":"post-17600","1":"product","2":"type-product","3":"status-publish","4":"has-post-thumbnail","6":"product_cat-kostenlose-anleitungshefte","7":"product_cat-anleitungshefte","9":"first","10":"instock","11":"shipping-taxable","12":"purchasable","13":"product-type-simple"},"acf":[],"_links":{"self":[{"href":"https:\/\/addi.de\/en\/wp-json\/wp\/v2\/product\/17600","targetHints":{"allow":["GET"]}}],"collection":[{"href":"https:\/\/addi.de\/en\/wp-json\/wp\/v2\/product"}],"about":[{"href":"https:\/\/addi.de\/en\/wp-json\/wp\/v2\/types\/product"}],"wp:featuredmedia":[{"embeddable":true,"href":"https:\/\/addi.de\/en\/wp-json\/wp\/v2\/media\/29774"}],"wp:attachment":[{"href":"https:\/\/addi.de\/en\/wp-json\/wp\/v2\/media?parent=17600"}],"wp:term":[{"taxonomy":"product_brand","embeddable":true,"href":"https:\/\/addi.de\/en\/wp-json\/wp\/v2\/product_brand?post=17600"},{"taxonomy":"product_cat","embeddable":true,"href":"https:\/\/addi.de\/en\/wp-json\/wp\/v2\/product_cat?post=17600"},{"taxonomy":"product_tag","embeddable":true,"href":"https:\/\/addi.de\/en\/wp-json\/wp\/v2\/product_tag?post=17600"}],"curies":[{"name":"wp","href":"https:\/\/api.w.org\/{rel}","templated":true}]}}