{"id":39107,"date":"2023-03-30T22:00:45","date_gmt":"2023-03-30T20:00:45","guid":{"rendered":"https:\/\/addi.de\/?post_type=product&#038;p=39107"},"modified":"2026-01-01T01:07:09","modified_gmt":"2026-01-01T00:07:09","slug":"addiclick-unicorn-lace-long","status":"publish","type":"product","link":"https:\/\/addi.de\/en\/product-3\/addiclick-unicorn-lace-long\/","title":{"rendered":"addiClick Unicorn Lace Long Set"},"content":{"rendered":"<p>The spiral-shaped circular knitting needles addiUnicorn as an interchangeable needle system come in a fancy pink case with a stylish interior design. The elegant, spiral structure of the unicorn massages the hands when knitting and the shiny and shimmering surface gives the needle tips with the fine lace tips a touch of elegance.<\/p>\n<p><strong>Included are: <\/strong><\/p>\n<ul>\n<li>addiClick Unicorn Lace Long needle tips 3.5 - 8 mm<\/li>\n<li>Three pink cords (60, 80 und 100 cm)<\/li>\n<li>2 HeartStopper stitch stoppers<\/li>\n<li>Two couplings (long and short)<\/li>\n<li>A unicorn brooch and addiGrip pads (gripping aid)<\/li>\n<\/ul>\n<p><strong>Material:<\/strong> textile case, brass tips white bronzed, 125 mm\/ 4.9\u2033, with spiral structure<\/p>\n<p>All addiClick tips and cords are compatible.<\/p>","protected":false},"excerpt":{"rendered":"<p>Die spiralf\u00f6rmigen Rundstricknadeln addiUnicorn als auswechselbares Nadelsystem finden sich im fancy rosafarbenen Etui mit coolem Innendesign. Die edle, spiralf\u00f6rmige Struktur des Einhorns massiert beim Stricken die H\u00e4nde und die gl\u00e4nzende und schimmernde Oberfl\u00e4che verleiht den Nadelspitzen mit den feinen Lace-Spitzen eine Portion Eleganz. Enthalten sind: addiClick Unicorn Lace Long Nadelspitzen 3,5 &#8211; 8 mm Drei [&hellip;]<\/p>","protected":false},"featured_media":53411,"template":"","meta":{"_acf_changed":false,"inline_featured_image":false},"product_brand":[],"product_cat":[580,585,591,69,86,618,73],"product_tag":[],"class_list":{"0":"post-39107","1":"product","2":"type-product","3":"status-publish","4":"has-post-thumbnail","6":"product_cat-stricken","7":"product_cat-addiclick","8":"product_cat-addiunicorn","9":"product_cat-addiclick-stricknadelsets","10":"product_cat-addiclick-lace","11":"product_cat-addiclick-unicorn-stricknadelset","12":"product_cat-addi-geschenkideen","14":"first","15":"instock","16":"shipping-taxable","17":"purchasable","18":"product-type-simple"},"acf":[],"_links":{"self":[{"href":"https:\/\/addi.de\/en\/wp-json\/wp\/v2\/product\/39107","targetHints":{"allow":["GET"]}}],"collection":[{"href":"https:\/\/addi.de\/en\/wp-json\/wp\/v2\/product"}],"about":[{"href":"https:\/\/addi.de\/en\/wp-json\/wp\/v2\/types\/product"}],"wp:featuredmedia":[{"embeddable":true,"href":"https:\/\/addi.de\/en\/wp-json\/wp\/v2\/media\/53411"}],"wp:attachment":[{"href":"https:\/\/addi.de\/en\/wp-json\/wp\/v2\/media?parent=39107"}],"wp:term":[{"taxonomy":"product_brand","embeddable":true,"href":"https:\/\/addi.de\/en\/wp-json\/wp\/v2\/product_brand?post=39107"},{"taxonomy":"product_cat","embeddable":true,"href":"https:\/\/addi.de\/en\/wp-json\/wp\/v2\/product_cat?post=39107"},{"taxonomy":"product_tag","embeddable":true,"href":"https:\/\/addi.de\/en\/wp-json\/wp\/v2\/product_tag?post=39107"}],"curies":[{"name":"wp","href":"https:\/\/api.w.org\/{rel}","templated":true}]}}