{"id":39109,"date":"2023-03-30T22:00:34","date_gmt":"2023-03-30T20:00:34","guid":{"rendered":"https:\/\/addi.de\/?post_type=product&#038;p=39109"},"modified":"2026-01-01T01:07:02","modified_gmt":"2026-01-01T00:07:02","slug":"addimultibag-roll-etui","status":"publish","type":"product","link":"https:\/\/addi.de\/en\/produkt\/addimultibag-roll-etui\/","title":{"rendered":"addiMultibag roll case for knitting needles and crochet hooks"},"content":{"rendered":"<p><strong>One bag for all needles and cases.<\/strong> The new addiMultibag roll-up case offers space for everything in the addi range. Whether circular knitting needles, crochet hooks, double pointed needles, addiClick, addiCraSyTrios, accessories and, and, and\u2026<\/p>\n<p>Case divided into four sections that can be easily separated and combined.<\/p>\n<ul>\n<li>Perfectly closed, nothing gets lost on the go<\/li>\n<li>Open design means everything is within easy reach when doing handicrafts.<\/li>\n<li>Whether at home, on the go or when travelling \u2013 finally, you can bring order to your needle chaos.<\/li>\n<\/ul>\n<p><strong>Contents of the knitting needles &amp; crochet hooks case:<\/strong> 4 elements (cotton) with compartment division and elastic band tabs: one accessory bag and three multifunctional bags for needles. Total width rolled out approx. 90 cm.<\/p>","protected":false},"excerpt":{"rendered":"<p>EINE Tasche f\u00fcr ALLE Nadeln und alle F\u00e4lle. Das neue addiMultibag Roll-Etui f\u00fcr Stricknadeln und H\u00e4kelnadeln bietet Platz f\u00fcr alles, was das addi-Sortiment hergibt. Ob Rundstricknadeln, H\u00e4kelnadeln, Nadelspiele, addiClick, addiCraSyTrios, Zubeh\u00f6r und, und, und&#8230; Etui unterteil in vier Abschnitte, die ganz einfach voneinander getrennt und kombiniert werden k\u00f6nnen. Perfekt verschlossen geht unterwegs nichts verloren offen [&hellip;]<\/p>\n","protected":false},"featured_media":39158,"template":"","meta":{"_acf_changed":false,"inline_featured_image":false},"product_brand":[],"product_cat":[580,76,78,75,88,82,602,588,590,582,583,71,357,519,91,73],"product_tag":[],"class_list":{"0":"post-39109","1":"product","2":"type-product","3":"status-publish","4":"has-post-thumbnail","6":"product_cat-stricken","7":"product_cat-rundstricknadeln","8":"product_cat-nadelspiele","9":"product_cat-addicrasytrio","10":"product_cat-zubehoer-addiclick","11":"product_cat-strickzubehoer","12":"product_cat-strickzubehoer-2","13":"product_cat-etuis-und-taschen","14":"product_cat-addiclick-zubehoer-2","15":"product_cat-haekeln","16":"product_cat-haekelzubehoer","17":"product_cat-zubehoer","18":"product_cat-zubehoer-stricken-haekeln","19":"product_cat-etuis-aufbewahrung","20":"product_cat-addiclick-zubehoer","21":"product_cat-addi-geschenkideen","23":"first","24":"instock","25":"shipping-taxable","26":"purchasable","27":"product-type-simple"},"acf":[],"_links":{"self":[{"href":"https:\/\/addi.de\/en\/wp-json\/wp\/v2\/product\/39109","targetHints":{"allow":["GET"]}}],"collection":[{"href":"https:\/\/addi.de\/en\/wp-json\/wp\/v2\/product"}],"about":[{"href":"https:\/\/addi.de\/en\/wp-json\/wp\/v2\/types\/product"}],"wp:featuredmedia":[{"embeddable":true,"href":"https:\/\/addi.de\/en\/wp-json\/wp\/v2\/media\/39158"}],"wp:attachment":[{"href":"https:\/\/addi.de\/en\/wp-json\/wp\/v2\/media?parent=39109"}],"wp:term":[{"taxonomy":"product_brand","embeddable":true,"href":"https:\/\/addi.de\/en\/wp-json\/wp\/v2\/product_brand?post=39109"},{"taxonomy":"product_cat","embeddable":true,"href":"https:\/\/addi.de\/en\/wp-json\/wp\/v2\/product_cat?post=39109"},{"taxonomy":"product_tag","embeddable":true,"href":"https:\/\/addi.de\/en\/wp-json\/wp\/v2\/product_tag?post=39109"}],"curies":[{"name":"wp","href":"https:\/\/api.w.org\/{rel}","templated":true}]}}