{"id":39115,"date":"2023-03-30T22:00:05","date_gmt":"2023-03-30T20:00:05","guid":{"rendered":"https:\/\/addi.de\/?post_type=product&#038;p=39115"},"modified":"2026-01-01T01:06:50","modified_gmt":"2026-01-01T00:06:50","slug":"addi2you-ring","status":"publish","type":"product","link":"https:\/\/addi.de\/en\/product-3\/addi2you-ring\/","title":{"rendered":"addi2You ring"},"content":{"rendered":"<p>Can a useful needlework accessory also be a piece of jewelry? Yes, the new finger ring made of <strong>925 sterling silver<\/strong> by addi, available in three sizes, combines design and yarn guide in one.<\/p>\n<p>The ring can be used not only for two-thread knitting, but also works excellently as a thread guide for single-thread knitting, and the thread tension can be varied individually depending on the threading.<\/p>\n<p>Jeweler work \u2013 Made in Altena, Germany.<br \/>\nEasily adjustable in size. Design by Sylvie Rasch.<\/p>\n<p>Sizes:<\/p>\n<ul>\n<li>S = circumference 52mm\/ 2.05\u2033<\/li>\n<li>M = circumference 54mm<\/li>\n<li>L = circumference 56mm<\/li>\n<\/ul>","protected":false},"excerpt":{"rendered":"<p>Kann ein n\u00fctzliches Handarbeitszubeh\u00f6r auch ein Schmuckst\u00fcck sein? Ja, der neue Fingerring und Strickring aus 925 Sterlingsilber von addi, lieferbar in drei Gr\u00f6\u00dfen, vereint Design und Fadenf\u00fchrung in einem. Mit dem Ring kann nicht nur zweif\u00e4dig gestrickt werden, er l\u00e4sst sich auch hervorragend als Fadenf\u00fchrung f\u00fcr einf\u00e4diges Stricken verwenden und die Fadenspannung kann je nach [&hellip;]<\/p>","protected":false},"featured_media":39134,"template":"","meta":{"_acf_changed":false,"inline_featured_image":false},"product_brand":[],"product_cat":[580,82,602,582,583,71,357,73],"product_tag":[],"class_list":{"0":"post-39115","1":"product","2":"type-product","3":"status-publish","4":"has-post-thumbnail","6":"product_cat-stricken","7":"product_cat-strickzubehoer","8":"product_cat-strickzubehoer-2","9":"product_cat-haekeln","10":"product_cat-haekelzubehoer","11":"product_cat-zubehoer","12":"product_cat-zubehoer-stricken-haekeln","13":"product_cat-addi-geschenkideen","15":"first","16":"instock","17":"shipping-taxable","18":"purchasable","19":"product-type-variable"},"acf":[],"_links":{"self":[{"href":"https:\/\/addi.de\/en\/wp-json\/wp\/v2\/product\/39115","targetHints":{"allow":["GET"]}}],"collection":[{"href":"https:\/\/addi.de\/en\/wp-json\/wp\/v2\/product"}],"about":[{"href":"https:\/\/addi.de\/en\/wp-json\/wp\/v2\/types\/product"}],"wp:featuredmedia":[{"embeddable":true,"href":"https:\/\/addi.de\/en\/wp-json\/wp\/v2\/media\/39134"}],"wp:attachment":[{"href":"https:\/\/addi.de\/en\/wp-json\/wp\/v2\/media?parent=39115"}],"wp:term":[{"taxonomy":"product_brand","embeddable":true,"href":"https:\/\/addi.de\/en\/wp-json\/wp\/v2\/product_brand?post=39115"},{"taxonomy":"product_cat","embeddable":true,"href":"https:\/\/addi.de\/en\/wp-json\/wp\/v2\/product_cat?post=39115"},{"taxonomy":"product_tag","embeddable":true,"href":"https:\/\/addi.de\/en\/wp-json\/wp\/v2\/product_tag?post=39115"}],"curies":[{"name":"wp","href":"https:\/\/api.w.org\/{rel}","templated":true}]}}