{"id":39117,"date":"2023-03-30T22:00:48","date_gmt":"2023-03-30T20:00:48","guid":{"rendered":"https:\/\/addi.de\/?post_type=product&#038;p=39117"},"modified":"2026-01-01T01:06:54","modified_gmt":"2026-01-01T00:06:54","slug":"addishapes-oval","status":"publish","type":"product","link":"https:\/\/addi.de\/en\/product-3\/addishapes-oval\/","title":{"rendered":"addiShapes Oval"},"content":{"rendered":"<p>Natural and precise \u2013 the new set of birch wood bases addiShapes oval provides a perfect basis for trendy baskets or bags. Simply knit or crochet around them with wool or work in sturdy paper technique to create individual creative projets.<br \/>\nDifferent shapes of bottoms available \u2013 round, oval, triangular.<\/p>\n<p><strong>Content:<\/strong> 2 oval wooden bases in 27\u00d718 cm\/ 10.6\u2033\u00d77\u2033 and 20\u00d713,5 cm\/ 7.8\u00d75.3'''', hole diameter 8 mm, recommended needle size 6 mm<\/p>\n<p><strong>Material:<\/strong> Birch wood plywood<\/p>\n<p>&nbsp;<\/p>","protected":false},"excerpt":{"rendered":"<p>Nat\u00fcrlichkeit und Pr\u00e4zision. Die Korbb\u00f6den-Sets addiShapes aus Birkenholz bieten die perfekte Grundlage f\u00fcr trendige K\u00f6rbe oder Taschen. Einfach mit stabilen Garnen umstricken oder umh\u00e4keln oder in Papiertechnik arbeiten und schon entstehen individuelle Kreativprojekte. B\u00f6den in verschiedenen Formen erh\u00e4ltlich: rund, oval, dreieckig. Inhalt je Set: 2 ovale Holz-B\u00f6den, Ma\u00dfe 20 x 13,5 cm und 18 x [&hellip;]<\/p>","protected":false},"featured_media":39172,"template":"","meta":{"_acf_changed":false,"inline_featured_image":false},"product_brand":[],"product_cat":[582,583,71,357],"product_tag":[],"class_list":{"0":"post-39117","1":"product","2":"type-product","3":"status-publish","4":"has-post-thumbnail","6":"product_cat-haekeln","7":"product_cat-haekelzubehoer","8":"product_cat-zubehoer","9":"product_cat-zubehoer-stricken-haekeln","11":"first","12":"instock","13":"shipping-taxable","14":"purchasable","15":"product-type-simple"},"acf":[],"_links":{"self":[{"href":"https:\/\/addi.de\/en\/wp-json\/wp\/v2\/product\/39117","targetHints":{"allow":["GET"]}}],"collection":[{"href":"https:\/\/addi.de\/en\/wp-json\/wp\/v2\/product"}],"about":[{"href":"https:\/\/addi.de\/en\/wp-json\/wp\/v2\/types\/product"}],"wp:featuredmedia":[{"embeddable":true,"href":"https:\/\/addi.de\/en\/wp-json\/wp\/v2\/media\/39172"}],"wp:attachment":[{"href":"https:\/\/addi.de\/en\/wp-json\/wp\/v2\/media?parent=39117"}],"wp:term":[{"taxonomy":"product_brand","embeddable":true,"href":"https:\/\/addi.de\/en\/wp-json\/wp\/v2\/product_brand?post=39117"},{"taxonomy":"product_cat","embeddable":true,"href":"https:\/\/addi.de\/en\/wp-json\/wp\/v2\/product_cat?post=39117"},{"taxonomy":"product_tag","embeddable":true,"href":"https:\/\/addi.de\/en\/wp-json\/wp\/v2\/product_tag?post=39117"}],"curies":[{"name":"wp","href":"https:\/\/api.w.org\/{rel}","templated":true}]}}