{"id":39121,"date":"2023-03-30T22:00:16","date_gmt":"2023-03-30T20:00:16","guid":{"rendered":"https:\/\/addi.de\/?post_type=product&#038;p=39121"},"modified":"2026-01-01T01:06:54","modified_gmt":"2026-01-01T00:06:54","slug":"addishapes-circle","status":"publish","type":"product","link":"https:\/\/addi.de\/en\/product-3\/addishapes-circle\/","title":{"rendered":"addiShapes Circle"},"content":{"rendered":"<p>Natural and precise \u2013 the new set of birch wood bases addiShapes circle provides a perfect basis for trendy baskets or bags. Simply knit or crochet around them with wool or work in sturdy paper technique to create individual creative projets.<br \/>\nDifferent shapes of bottoms available \u2013 round, oval, triangular.<\/p>\n<p><strong>Content:<\/strong> 2 round wooden bases in diameters 12 cm\/ 4.7\u2033 and 25 cm\/ 9.8`` - hole diameter 8 mm, recommended needle size 6 mm<\/p>\n<p><strong>Material:<\/strong> Birch wood plywood<\/p>\n<p>&nbsp;<\/p>","protected":false},"excerpt":{"rendered":"<p>Nat\u00fcrlichkeit und Pr\u00e4zision. Die Korbb\u00f6den-Sets addiShapes aus Birkenholz bieten die perfekte Grundlage f\u00fcr trendige K\u00f6rbe oder Taschen. Einfach mit Wolle umstricken oder umh\u00e4keln oder in stabiler Papiertechnik arbeiten und schon entstehen individuelle Kreativprojekte. B\u00f6den in folgenden Formen erh\u00e4ltlich: rund, oval, dreieckig. Inhalt je Set: 2 runde Holz-B\u00f6den, \u00d8 12 und 25 cm, Lochdurchmeser 8 mm, [&hellip;]<\/p>","protected":false},"featured_media":39180,"template":"","meta":{"_acf_changed":false,"inline_featured_image":false},"product_brand":[],"product_cat":[582,583,71,357],"product_tag":[],"class_list":{"0":"post-39121","1":"product","2":"type-product","3":"status-publish","4":"has-post-thumbnail","6":"product_cat-haekeln","7":"product_cat-haekelzubehoer","8":"product_cat-zubehoer","9":"product_cat-zubehoer-stricken-haekeln","11":"first","12":"instock","13":"shipping-taxable","14":"purchasable","15":"product-type-simple"},"acf":[],"_links":{"self":[{"href":"https:\/\/addi.de\/en\/wp-json\/wp\/v2\/product\/39121","targetHints":{"allow":["GET"]}}],"collection":[{"href":"https:\/\/addi.de\/en\/wp-json\/wp\/v2\/product"}],"about":[{"href":"https:\/\/addi.de\/en\/wp-json\/wp\/v2\/types\/product"}],"wp:featuredmedia":[{"embeddable":true,"href":"https:\/\/addi.de\/en\/wp-json\/wp\/v2\/media\/39180"}],"wp:attachment":[{"href":"https:\/\/addi.de\/en\/wp-json\/wp\/v2\/media?parent=39121"}],"wp:term":[{"taxonomy":"product_brand","embeddable":true,"href":"https:\/\/addi.de\/en\/wp-json\/wp\/v2\/product_brand?post=39121"},{"taxonomy":"product_cat","embeddable":true,"href":"https:\/\/addi.de\/en\/wp-json\/wp\/v2\/product_cat?post=39121"},{"taxonomy":"product_tag","embeddable":true,"href":"https:\/\/addi.de\/en\/wp-json\/wp\/v2\/product_tag?post=39121"}],"curies":[{"name":"wp","href":"https:\/\/api.w.org\/{rel}","templated":true}]}}