{"id":39364,"date":"2023-03-30T22:00:38","date_gmt":"2023-03-30T20:00:38","guid":{"rendered":"https:\/\/addi.de\/?post_type=product&#038;p=39364"},"modified":"2026-03-20T10:03:45","modified_gmt":"2026-03-20T09:03:45","slug":"marketing-package-small","status":"publish","type":"product","link":"https:\/\/addi.de\/en\/product-3\/marketing-package-small\/","title":{"rendered":"Marketing package small"},"content":{"rendered":"<p>Giveaways and added value for your customers \u2013 with the small marketing package from addi you are well positioned. Offer your customers information about the addi brand and have postcards with sayings ready for all knitting and crochet fans.<\/p>\n<p><strong>Contents:<\/strong><\/p>\n<p>\u00bb<strong> 6 \u00d7 addi heart sticker<\/strong><br \/>\n\u00bb <strong>5 \u00d7 addi keychain<\/strong> incl. shopping cart chip<br \/>\n\u00bb <strong>5 \u00d7 addi image flyer<\/strong> (<a href=\"https:\/\/addi.de\/en\/product-3\/image-flyer-addi\/\">also available separately<\/a>)<br \/>\n\u00bb <strong>5 \u00d7 addi2go app flyer<\/strong> (<a href=\"https:\/\/addi.de\/en\/product-3\/flyer-addi-app-addi2go\/\">also available separately<\/a>)<br \/>\n\u00bb <strong>5 x addi ball pens<\/strong><br \/>\n\u00bb <strong>14x addi postcards<\/strong> mit Spr\u00fcchen (<a href=\"https:\/\/addi.de\/en\/product-3\/addi-postcards\/\">also available separately<\/a>)<br \/>\n\u00bb <strong>5x re-order cards<\/strong><\/p>","protected":false},"excerpt":{"rendered":"<p>Giveaways und Mehrwert f\u00fcr Ihre Kunden &#8211; mit dem kleinen Marketingpaket von addi sind Sie gut aufgestellt. Bieten Sie Ihren Kunden Informationen rund um die Marke addi und legen Sie f\u00fcr alle Strick- und H\u00e4kels\u00fcchtigen Fans Postkarten mit Spr\u00fcchen bereit. Inhalt: \u00bb 6 addi Herzaufkleber \u00bb 5x addi Schl\u00fcsselanh\u00e4nger inkl. Einkaufswagenchip \u00bb 5x addi Imageflyer [&hellip;]<\/p>","protected":false},"featured_media":43264,"template":"","meta":{"_acf_changed":false,"inline_featured_image":false},"product_brand":[],"product_cat":[74,506],"product_tag":[],"class_list":{"0":"post-39364","1":"product","2":"type-product","3":"status-publish","4":"has-post-thumbnail","6":"product_cat-haendlerzubehoer","7":"product_cat-werbematerial","9":"first","10":"instock","11":"shipping-taxable","12":"purchasable","13":"product-type-simple"},"acf":[],"_links":{"self":[{"href":"https:\/\/addi.de\/en\/wp-json\/wp\/v2\/product\/39364","targetHints":{"allow":["GET"]}}],"collection":[{"href":"https:\/\/addi.de\/en\/wp-json\/wp\/v2\/product"}],"about":[{"href":"https:\/\/addi.de\/en\/wp-json\/wp\/v2\/types\/product"}],"wp:featuredmedia":[{"embeddable":true,"href":"https:\/\/addi.de\/en\/wp-json\/wp\/v2\/media\/43264"}],"wp:attachment":[{"href":"https:\/\/addi.de\/en\/wp-json\/wp\/v2\/media?parent=39364"}],"wp:term":[{"taxonomy":"product_brand","embeddable":true,"href":"https:\/\/addi.de\/en\/wp-json\/wp\/v2\/product_brand?post=39364"},{"taxonomy":"product_cat","embeddable":true,"href":"https:\/\/addi.de\/en\/wp-json\/wp\/v2\/product_cat?post=39364"},{"taxonomy":"product_tag","embeddable":true,"href":"https:\/\/addi.de\/en\/wp-json\/wp\/v2\/product_tag?post=39364"}],"curies":[{"name":"wp","href":"https:\/\/api.w.org\/{rel}","templated":true}]}}