{"id":39365,"date":"2023-03-30T22:00:04","date_gmt":"2023-03-30T20:00:04","guid":{"rendered":"https:\/\/addi.de\/?post_type=product&#038;p=39365"},"modified":"2026-03-20T10:02:16","modified_gmt":"2026-03-20T09:02:16","slug":"marketing-package-large","status":"archive","type":"product","link":"https:\/\/addi.de\/en\/produkt\/marketingpaket-large\/","title":{"rendered":"Marketing package large"},"content":{"rendered":"<p>Giveaways and added value for your customers \u2013 with the great marketing package from addi you are well positioned.<\/p>\n<p>Hand out stitch markers, pens or needle gauges to your loyal customers and offer them information about the addi brand. Knitting and crochet addicts can look forward to postcards with sayings or small instructions. This way, your customers have all the information they need at their fingertips and can buy the corresponding wool and addi needles right away.<\/p>\n<p><strong>Contents:<\/strong><\/p>\n<p>&#8211; <strong>6 \u00d7 addi heart sticker<\/strong><br \/>\n&#8211; <strong>5 \u00d7 addi keychain<\/strong> incl. shopping cart chip<br \/>\n&#8211; <strong>5 \u00d7 addi image flyer<\/strong> (<a href=\"https:\/\/addi.de\/en\/product-3\/image-flyer-addi\/\">also available separately<\/a>)<br \/>\n&#8211; <strong>5 \u00d7 addi2go app flyer<\/strong> (<a href=\"https:\/\/addi.de\/en\/product-3\/flyer-addi-app-addi2go\/\">also available separately<\/a>)<br \/>\n&#8211; <strong>7 \u00d7 addi postcards<\/strong> mit Spr\u00fcchen (<a href=\"https:\/\/addi.de\/en\/product-3\/addi-postcards\/\">also available separately<\/a>)<br \/>\n&#8211; <strong>7 \u00d7 addi postcards with instructions<\/strong> (<a href=\"https:\/\/addi.de\/en\/product-3\/postcards-instructions\/\">also available separately<\/a>)<br \/>\n&#8211;<strong> 5 \u00d7 addi ball pen<\/strong><br \/>\n&#8211; <strong>100 \u00d7 addiMarker stitch markers<\/strong> (<a href=\"https:\/\/addi.de\/en\/product-3\/addimarker-stitch-marker-100\/\">also available separately<\/a>)<br \/>\n&#8211;<strong> 10 \u00d7 addiDimension needle gauge<\/strong> with cutter (<a href=\"https:\/\/addi.de\/en\/product-3\/addidimension-needle-measure-with-knife\/\">also available separately<\/a>)<\/p>","protected":false},"excerpt":{"rendered":"<p>Giveaways und Mehrwert f\u00fcr Ihre Kunden &#8211; mit dem gro\u00dfen Marketingpaket von addi sind Sie gut aufgestellt. Verteilen Sie Maschenmarkierer, Kugelschreiber oder Nadelma\u00dfe an Ihre treuen Kunden und bieten Sie ihnen Informationen rund um die Marke addi. Strick- und H\u00e4kels\u00fcchtige d\u00fcrfen sich sich \u00fcber Postkarten mit Spr\u00fcchen oder kleinen Anleitungen freuen. So haben Ihre Kunden [&hellip;]<\/p>\n","protected":false},"featured_media":43262,"template":"","meta":{"_acf_changed":false,"inline_featured_image":false},"product_brand":[],"product_cat":[74,506],"product_tag":[],"class_list":{"0":"post-39365","1":"product","2":"type-product","3":"status-archive","4":"has-post-thumbnail","6":"product_cat-haendlerzubehoer","7":"product_cat-werbematerial","9":"first","10":"instock","11":"shipping-taxable","12":"product-type-simple"},"acf":[],"_links":{"self":[{"href":"https:\/\/addi.de\/en\/wp-json\/wp\/v2\/product\/39365","targetHints":{"allow":["GET"]}}],"collection":[{"href":"https:\/\/addi.de\/en\/wp-json\/wp\/v2\/product"}],"about":[{"href":"https:\/\/addi.de\/en\/wp-json\/wp\/v2\/types\/product"}],"wp:featuredmedia":[{"embeddable":true,"href":"https:\/\/addi.de\/en\/wp-json\/wp\/v2\/media\/43262"}],"wp:attachment":[{"href":"https:\/\/addi.de\/en\/wp-json\/wp\/v2\/media?parent=39365"}],"wp:term":[{"taxonomy":"product_brand","embeddable":true,"href":"https:\/\/addi.de\/en\/wp-json\/wp\/v2\/product_brand?post=39365"},{"taxonomy":"product_cat","embeddable":true,"href":"https:\/\/addi.de\/en\/wp-json\/wp\/v2\/product_cat?post=39365"},{"taxonomy":"product_tag","embeddable":true,"href":"https:\/\/addi.de\/en\/wp-json\/wp\/v2\/product_tag?post=39365"}],"curies":[{"name":"wp","href":"https:\/\/api.w.org\/{rel}","templated":true}]}}