{"id":39366,"date":"2023-03-30T22:00:43","date_gmt":"2023-03-30T20:00:43","guid":{"rendered":"https:\/\/addi.de\/?post_type=product&#038;p=39366"},"modified":"2026-01-01T01:06:50","modified_gmt":"2026-01-01T00:06:50","slug":"addi-postcards","status":"publish","type":"product","link":"https:\/\/addi.de\/en\/product-3\/addi-postcards\/","title":{"rendered":"addi postcards"},"content":{"rendered":"<p>The popular addi sayings now as postcards. Make needlework fans smile. The cards can be collected by knitting and crochet fans or sent by post.<\/p>\n<p>DIN A6, 105\u00d7148 mm, German texts<\/p>","protected":false},"excerpt":{"rendered":"<p>Die beliebten addi Spr\u00fcche jetzt als Postkarten. Bringen Sie Handarbeitsfans zum Schmunzeln. Die Karten k\u00f6nnen von strick- und h\u00e4kelbegeisterten Fans gesammelt oder per Post versendet werden. DIN A6, 105&#215;148 mm, Deutsche Texte<\/p>","protected":false},"featured_media":39398,"template":"","meta":{"_acf_changed":false,"inline_featured_image":false},"product_brand":[],"product_cat":[74,506],"product_tag":[],"class_list":{"0":"post-39366","1":"product","2":"type-product","3":"status-publish","4":"has-post-thumbnail","6":"product_cat-haendlerzubehoer","7":"product_cat-werbematerial","8":"pa_variante-addiunicorn","9":"pa_variante-die-addi-klauen","10":"pa_variante-film-zum-hoerspiel","11":"pa_variante-stricken-ist-ein-genuss","12":"pa_variante-vergiss-die-blumen","13":"pa_variante-weil-sich-addicrasy-trio","14":"pa_variante-wer-anderen-ne-addi","16":"first","17":"instock","18":"shipping-taxable","19":"purchasable","20":"product-type-variable"},"acf":[],"_links":{"self":[{"href":"https:\/\/addi.de\/en\/wp-json\/wp\/v2\/product\/39366","targetHints":{"allow":["GET"]}}],"collection":[{"href":"https:\/\/addi.de\/en\/wp-json\/wp\/v2\/product"}],"about":[{"href":"https:\/\/addi.de\/en\/wp-json\/wp\/v2\/types\/product"}],"wp:featuredmedia":[{"embeddable":true,"href":"https:\/\/addi.de\/en\/wp-json\/wp\/v2\/media\/39398"}],"wp:attachment":[{"href":"https:\/\/addi.de\/en\/wp-json\/wp\/v2\/media?parent=39366"}],"wp:term":[{"taxonomy":"product_brand","embeddable":true,"href":"https:\/\/addi.de\/en\/wp-json\/wp\/v2\/product_brand?post=39366"},{"taxonomy":"product_cat","embeddable":true,"href":"https:\/\/addi.de\/en\/wp-json\/wp\/v2\/product_cat?post=39366"},{"taxonomy":"product_tag","embeddable":true,"href":"https:\/\/addi.de\/en\/wp-json\/wp\/v2\/product_tag?post=39366"}],"curies":[{"name":"wp","href":"https:\/\/api.w.org\/{rel}","templated":true}]}}