{"id":47761,"date":"2023-10-24T13:21:01","date_gmt":"2023-10-24T11:21:01","guid":{"rendered":"https:\/\/addi.de\/?post_type=product&#038;p=47761"},"modified":"2026-01-01T01:07:14","modified_gmt":"2026-01-01T00:07:14","slug":"additurnaround-rotating-stand","status":"publish","type":"product","link":"https:\/\/addi.de\/en\/product-3\/additurnaround-rotating-stand\/","title":{"rendered":"addiTurnAround rotating stand, empty"},"content":{"rendered":"<p><span class=\"ui-provider hd bcy bcz bda bdb bdc bdd bde bdf bdg bdh bdi bdj bdk bdl bdm bdn bdo bdp bdq bdr bds bdt bdu bdv bdw bdx bdy bdz bea beb bec bed bee bef\" dir=\"ltr\">No more space on the wall? More visibility for your customers desired? With the new rotating stand from addi, you can significantly enhance your competence in knitting and crochet needles for your customers. You can offer your customers a large range in a small space. And an additional basket on the stand also offers space for flyers or addiClick sets.<\/span><\/p>\n<p><strong>Dimensions: <\/strong>Body 38 \u00d7 38 \u00d7 150 cm, Total height 180 cm<strong><br \/>\n<\/strong><\/p>\n<p><strong>Material:<\/strong> Perforated metal anthracite matt, plastic base with furniture castors<\/p>\n<p><strong>Contents:<\/strong> 1 \u00d7 rotating stand, 1 \u00d7 rolling base, 1 \u00d7 wire basket, 4 \u00d7 magnetic foil,  115 \u00d7 double hooks (length: 8cm), 9 \u00d7 single hooks (length: 8cm)<\/p>\n<p><a href=\"https:\/\/addi.de\/wp-content\/uploads\/2024\/03\/Bestuckungsplan_Drehstander_24-03.pdf\">Equipment proposal PDF<\/a><\/p>","protected":false},"excerpt":{"rendered":"<p>Kein Platz mehr an der Wand? Mehr Sichtbarkeit f\u00fcr Ihre Kunden erw\u00fcnscht? Mit dem neuen Drehst\u00e4nder von addi erh\u00f6hen Sie Ihre Kompetenz in Sachen Strick- und H\u00e4kelnadeln f\u00fcr Ihre Kunden deutlich. Auf kleinem Platz bieten Sie so Ihren Kunden ein gro\u00dfes Programm. Und ein zus\u00e4tzlicher Korb am St\u00e4nder bietet auch noch Platz f\u00fcr Flyer oder [&hellip;]<\/p>","protected":false},"featured_media":48042,"template":"","meta":{"_acf_changed":false,"inline_featured_image":false},"product_brand":[],"product_cat":[74,97],"product_tag":[],"class_list":{"0":"post-47761","1":"product","2":"type-product","3":"status-publish","4":"has-post-thumbnail","6":"product_cat-haendlerzubehoer","7":"product_cat-verkaufsmodule","9":"first","10":"instock","11":"shipping-taxable","12":"purchasable","13":"product-type-simple"},"acf":[],"_links":{"self":[{"href":"https:\/\/addi.de\/en\/wp-json\/wp\/v2\/product\/47761","targetHints":{"allow":["GET"]}}],"collection":[{"href":"https:\/\/addi.de\/en\/wp-json\/wp\/v2\/product"}],"about":[{"href":"https:\/\/addi.de\/en\/wp-json\/wp\/v2\/types\/product"}],"wp:featuredmedia":[{"embeddable":true,"href":"https:\/\/addi.de\/en\/wp-json\/wp\/v2\/media\/48042"}],"wp:attachment":[{"href":"https:\/\/addi.de\/en\/wp-json\/wp\/v2\/media?parent=47761"}],"wp:term":[{"taxonomy":"product_brand","embeddable":true,"href":"https:\/\/addi.de\/en\/wp-json\/wp\/v2\/product_brand?post=47761"},{"taxonomy":"product_cat","embeddable":true,"href":"https:\/\/addi.de\/en\/wp-json\/wp\/v2\/product_cat?post=47761"},{"taxonomy":"product_tag","embeddable":true,"href":"https:\/\/addi.de\/en\/wp-json\/wp\/v2\/product_tag?post=47761"}],"curies":[{"name":"wp","href":"https:\/\/api.w.org\/{rel}","templated":true}]}}