{"id":50060,"date":"2023-11-21T10:08:25","date_gmt":"2023-11-21T09:08:25","guid":{"rendered":"https:\/\/addi.de\/?post_type=product&#038;p=50060"},"modified":"2026-02-03T09:38:13","modified_gmt":"2026-02-03T08:38:13","slug":"turbo-knitting-2-with-the-addiexpress-instruction-book-2","status":"publish","type":"product","link":"https:\/\/addi.de\/en\/produkt\/anleitungsbuch-turbo-knitting-2-with-addiexpress\/","title":{"rendered":"Instruction book:Turbo Knitting 2 with the addiExpress EN"},"content":{"rendered":"<p>It's no longer a secret: the addiExpress knitting machine has revolutionised knitting. The row and round counter relieves you of tedious counting and makes your work even easier. So you can knit round tubes or straight panels for cuffs, necklaces, jumpers, skirts, ponchos or whatever you like in no time at all.<br \/>\nAuch das Auf- und Abnehmen von Maschen erledigt sich (fast) von selbst. Sie werden sehen: Selbst die ausgefallensten Modelle lassen sich im Handumdrehen kurbeln \u2013 wortw\u00f6rtlich. Daru\u0308ber hinaus k\u00f6nnen Sie unterschiedlichste Garnqualit\u00e4ten und -st\u00e4rken problemlos miteinander kombinieren. Lassen Sie sich von unseren Modellvorschl\u00e4gen im Buch &#8222;Turbo-Stricken 2 mit der addiExpress&#8220; inspirieren und kurbeln Sie los \u2013 es macht gro\u00dfen Spa\u00df!<\/p>\n<p><strong>Detailed instructions and 16 models for easy re-knitting with the addiExpress Professional:<\/strong><\/p>\n<ul>\n<li>Basic course addiExpress<\/li>\n<li>Tips and tricks<\/li>\n<li>16 instructions for men and women<\/li>\n<\/ul>","protected":false},"excerpt":{"rendered":"<p>german<\/p>","protected":false},"featured_media":50062,"template":"","meta":{"_acf_changed":false,"inline_featured_image":false},"product_brand":[],"product_cat":[513,72,94],"product_tag":[],"class_list":{"0":"post-50060","1":"product","2":"type-product","3":"status-publish","4":"has-post-thumbnail","6":"product_cat-addiexpress-anleitungsbuecher","7":"product_cat-buecher","8":"product_cat-buecher-englisch","9":"pa_variante-deutsch","11":"first","12":"outofstock","13":"shipping-taxable","14":"purchasable","15":"product-type-simple"},"acf":[],"_links":{"self":[{"href":"https:\/\/addi.de\/en\/wp-json\/wp\/v2\/product\/50060","targetHints":{"allow":["GET"]}}],"collection":[{"href":"https:\/\/addi.de\/en\/wp-json\/wp\/v2\/product"}],"about":[{"href":"https:\/\/addi.de\/en\/wp-json\/wp\/v2\/types\/product"}],"wp:featuredmedia":[{"embeddable":true,"href":"https:\/\/addi.de\/en\/wp-json\/wp\/v2\/media\/50062"}],"wp:attachment":[{"href":"https:\/\/addi.de\/en\/wp-json\/wp\/v2\/media?parent=50060"}],"wp:term":[{"taxonomy":"product_brand","embeddable":true,"href":"https:\/\/addi.de\/en\/wp-json\/wp\/v2\/product_brand?post=50060"},{"taxonomy":"product_cat","embeddable":true,"href":"https:\/\/addi.de\/en\/wp-json\/wp\/v2\/product_cat?post=50060"},{"taxonomy":"product_tag","embeddable":true,"href":"https:\/\/addi.de\/en\/wp-json\/wp\/v2\/product_tag?post=50060"}],"curies":[{"name":"wp","href":"https:\/\/api.w.org\/{rel}","templated":true}]}}