{"id":52974,"date":"2024-03-21T11:30:29","date_gmt":"2024-03-21T10:30:29","guid":{"rendered":"https:\/\/addi.de\/?post_type=product&#038;p=52974"},"modified":"2026-01-01T01:07:02","modified_gmt":"2026-01-01T00:07:02","slug":"addiunicase-accessory-case","status":"publish","type":"product","link":"https:\/\/addi.de\/en\/product-3\/addiunicase-accessory-case\/","title":{"rendered":"addiUnicase accessory case, filled"},"content":{"rendered":"<p>This must-have for all knitting and crochet fans will put you in a good mood with its fancy unicorn design. The practical, small case including accessories is guaranteed to fit in any project bag.<\/p>\n<p><strong>Contents:<\/strong> Textiles Etui mit Druckknopf und \u00d6se, Bandma\u00df (bis 150 cm), goldene Einhorn-Schere (10 cm), 5 Maschenmarkierer (2 Gold, 3 Silber), 1 Vern\u00e4hnadel.<\/p>","protected":false},"excerpt":{"rendered":"<p>Dieses must have f\u00fcr alle Strick- und H\u00e4kelfans macht im fancy Unicorn Design gleich gute Laune. Das praktische, kleine addiUnicase Zubeh\u00f6retui inkl. Zubeh\u00f6r passt garantiert in jeden Projektbeutel. Inhalt: Textiles Etui mit Druckknopf und \u00d6se, Bandma\u00df (bis 150 cm), goldene Einhorn-Schere (10 cm), 5 Maschenmarkierer (2 Gold, 3 Silber), 1 Vern\u00e4hnadel.<\/p>","protected":false},"featured_media":53333,"template":"","meta":{"_acf_changed":false,"inline_featured_image":false},"product_brand":[],"product_cat":[591,602,588,583,357,519,73],"product_tag":[],"class_list":{"0":"post-52974","1":"product","2":"type-product","3":"status-publish","4":"has-post-thumbnail","6":"product_cat-addiunicorn","7":"product_cat-strickzubehoer-2","8":"product_cat-etuis-und-taschen","9":"product_cat-haekelzubehoer","10":"product_cat-zubehoer-stricken-haekeln","11":"product_cat-etuis-aufbewahrung","12":"product_cat-addi-geschenkideen","14":"first","15":"instock","16":"shipping-taxable","17":"purchasable","18":"product-type-simple"},"acf":[],"_links":{"self":[{"href":"https:\/\/addi.de\/en\/wp-json\/wp\/v2\/product\/52974","targetHints":{"allow":["GET"]}}],"collection":[{"href":"https:\/\/addi.de\/en\/wp-json\/wp\/v2\/product"}],"about":[{"href":"https:\/\/addi.de\/en\/wp-json\/wp\/v2\/types\/product"}],"wp:featuredmedia":[{"embeddable":true,"href":"https:\/\/addi.de\/en\/wp-json\/wp\/v2\/media\/53333"}],"wp:attachment":[{"href":"https:\/\/addi.de\/en\/wp-json\/wp\/v2\/media?parent=52974"}],"wp:term":[{"taxonomy":"product_brand","embeddable":true,"href":"https:\/\/addi.de\/en\/wp-json\/wp\/v2\/product_brand?post=52974"},{"taxonomy":"product_cat","embeddable":true,"href":"https:\/\/addi.de\/en\/wp-json\/wp\/v2\/product_cat?post=52974"},{"taxonomy":"product_tag","embeddable":true,"href":"https:\/\/addi.de\/en\/wp-json\/wp\/v2\/product_tag?post=52974"}],"curies":[{"name":"wp","href":"https:\/\/api.w.org\/{rel}","templated":true}]}}