{"id":52975,"date":"2024-03-21T11:00:03","date_gmt":"2024-03-21T10:00:03","guid":{"rendered":"https:\/\/addi.de\/?post_type=product&#038;p=52975"},"modified":"2026-01-01T01:07:02","modified_gmt":"2026-01-01T00:07:02","slug":"addifolder-sock-double-pointed-needle-case","status":"publish","type":"product","link":"https:\/\/addi.de\/en\/product-3\/addifolder-sock-double-pointed-needle-case\/","title":{"rendered":"addiFolder Sock double-pointed needle case"},"content":{"rendered":"<p>Practical cotton roll-up case for double pointed needles up to 8 mm.<\/p>\n<p>There is room for needles from 15 to 23 cm length\nin 11 compartments. Elastic straps ensure a secure hold and press buttons secure the entire contents so that no needle is lost.<\/p>\n<p><strong>Material:<\/strong> Cotton case<\/p>","protected":false},"excerpt":{"rendered":"<p>Praktisches Roll-Etui aus Baumwolle f\u00fcr Nadelspiele bis 8 mm. In 11 F\u00e4chern finden Nadeln von 15 bis 23 cm L\u00e4nge Platz. Gummilaschen sorgen f\u00fcr sicheren Halt und Druckkn\u00f6pfe sichern den kompletten Inhalt. Damit keine Nadel verloren geht. Material: Baumwoll-Etui<\/p>","protected":false},"featured_media":52061,"template":"","meta":{"_acf_changed":false,"inline_featured_image":false},"product_brand":[],"product_cat":[78,602,588,357,519,73],"product_tag":[],"class_list":{"0":"post-52975","1":"product","2":"type-product","3":"status-publish","4":"has-post-thumbnail","6":"product_cat-nadelspiele","7":"product_cat-strickzubehoer-2","8":"product_cat-etuis-und-taschen","9":"product_cat-zubehoer-stricken-haekeln","10":"product_cat-etuis-aufbewahrung","11":"product_cat-addi-geschenkideen","13":"first","14":"instock","15":"shipping-taxable","16":"purchasable","17":"product-type-simple"},"acf":[],"_links":{"self":[{"href":"https:\/\/addi.de\/en\/wp-json\/wp\/v2\/product\/52975","targetHints":{"allow":["GET"]}}],"collection":[{"href":"https:\/\/addi.de\/en\/wp-json\/wp\/v2\/product"}],"about":[{"href":"https:\/\/addi.de\/en\/wp-json\/wp\/v2\/types\/product"}],"wp:featuredmedia":[{"embeddable":true,"href":"https:\/\/addi.de\/en\/wp-json\/wp\/v2\/media\/52061"}],"wp:attachment":[{"href":"https:\/\/addi.de\/en\/wp-json\/wp\/v2\/media?parent=52975"}],"wp:term":[{"taxonomy":"product_brand","embeddable":true,"href":"https:\/\/addi.de\/en\/wp-json\/wp\/v2\/product_brand?post=52975"},{"taxonomy":"product_cat","embeddable":true,"href":"https:\/\/addi.de\/en\/wp-json\/wp\/v2\/product_cat?post=52975"},{"taxonomy":"product_tag","embeddable":true,"href":"https:\/\/addi.de\/en\/wp-json\/wp\/v2\/product_tag?post=52975"}],"curies":[{"name":"wp","href":"https:\/\/api.w.org\/{rel}","templated":true}]}}