{"id":53078,"date":"2024-03-01T11:00:09","date_gmt":"2024-03-01T10:00:09","guid":{"rendered":"https:\/\/addi.de\/?post_type=product&#038;p=53078"},"modified":"2026-01-01T01:07:14","modified_gmt":"2026-01-01T00:07:14","slug":"additurnaround-drahtkorb-fuer-drehstaender","status":"publish","type":"product","link":"https:\/\/addi.de\/en\/product-3\/additurnaround-drahtkorb-fuer-drehstaender\/","title":{"rendered":"addiTurnAround rotating stand, empty"},"content":{"rendered":"<p>Additional wire basket for the <a href=\"https:\/\/addi.de\/en\/product-3\/additurnaround-rotating-stand\/\">addiTurnAround rotating stand<\/a>, Art. 793-6<\/p>\n<p>Provides space for flyers, catalogues or addiClick sets - simply hang in the perforated plate.<\/p>","protected":false},"excerpt":{"rendered":"<p>Zus\u00e4tzlicher Drahtkorb f\u00fcr den addiTurnAround Drehst\u00e4nder, Art. 793-6 Bietet Platz f\u00fcr Flyer, Kataloge oder auch addiClick Sets &#8211; einfach im Lochblech einh\u00e4ngen.<\/p>","protected":false},"featured_media":53118,"template":"","meta":{"_acf_changed":false,"inline_featured_image":false},"product_brand":[],"product_cat":[74,97],"product_tag":[],"class_list":{"0":"post-53078","1":"product","2":"type-product","3":"status-publish","4":"has-post-thumbnail","6":"product_cat-haendlerzubehoer","7":"product_cat-verkaufsmodule","9":"first","10":"instock","11":"shipping-taxable","12":"purchasable","13":"product-type-simple"},"acf":[],"_links":{"self":[{"href":"https:\/\/addi.de\/en\/wp-json\/wp\/v2\/product\/53078","targetHints":{"allow":["GET"]}}],"collection":[{"href":"https:\/\/addi.de\/en\/wp-json\/wp\/v2\/product"}],"about":[{"href":"https:\/\/addi.de\/en\/wp-json\/wp\/v2\/types\/product"}],"wp:featuredmedia":[{"embeddable":true,"href":"https:\/\/addi.de\/en\/wp-json\/wp\/v2\/media\/53118"}],"wp:attachment":[{"href":"https:\/\/addi.de\/en\/wp-json\/wp\/v2\/media?parent=53078"}],"wp:term":[{"taxonomy":"product_brand","embeddable":true,"href":"https:\/\/addi.de\/en\/wp-json\/wp\/v2\/product_brand?post=53078"},{"taxonomy":"product_cat","embeddable":true,"href":"https:\/\/addi.de\/en\/wp-json\/wp\/v2\/product_cat?post=53078"},{"taxonomy":"product_tag","embeddable":true,"href":"https:\/\/addi.de\/en\/wp-json\/wp\/v2\/product_tag?post=53078"}],"curies":[{"name":"wp","href":"https:\/\/api.w.org\/{rel}","templated":true}]}}