{"id":53083,"date":"2024-03-21T11:30:54","date_gmt":"2024-03-21T10:30:54","guid":{"rendered":"https:\/\/addi.de\/?post_type=product&#038;p=53083"},"modified":"2026-02-04T09:38:03","modified_gmt":"2026-02-04T08:38:03","slug":"addiexpress-takeoff-slip-off-needle-set","status":"publish","type":"product","link":"https:\/\/addi.de\/en\/product-3\/addiexpress-takeoff-slip-off-needle-set\/","title":{"rendered":"addiExpress TakeOff slip off needle set"},"content":{"rendered":"<p>Tool for slip off and knitting the stitches from the addi-Express machines. Thanks to the addiClick adapter, the stitches can slide directly onto the cord for further processing.\nThe 3.5 mm lace tip fits exactly between the needle guide of the knitting machines and makes it possible to easily lift off stitches and continue knitting.<\/p>\n<p>Of course, Made in Germany.<\/p>\n<p><strong>Contents:<\/strong> addiClick curved tip (8 cm\/ 3.2\u201c) , addi-\nClick HeartStopper, addi-Click SOS cord (60 cm\/ 24\u201c).<\/p>\n<p><strong>Material:<\/strong> Anodised needle tip with brass tube, plastic rope and stopper<\/p>","protected":false},"excerpt":{"rendered":"<p>Tool zum Abheben und Weiterstricken der Maschen von den addiExpress Strick-Maschinen. Dank addiClick Adapter der addiExpress TakeOff Abhebenadel k\u00f6nnen die Maschen zur weiteren Bearbeitung direkt auf das Seil gleiten. Die 3,5 mm Lace-Spitze passt genau zwischen die Nadelf\u00fchrungen der Strickmaschinen und erm\u00f6glicht ein einfaches Abheben der Maschen. Nat\u00fcrlich Made in Germany. Inhalt: addiClick Nadelspitze gebogen [&hellip;]<\/p>","protected":false},"featured_media":52057,"template":"","meta":{"_acf_changed":false,"inline_featured_image":false},"product_brand":[],"product_cat":[88,90,590,589,91,92],"product_tag":[],"class_list":{"0":"post-53083","1":"product","2":"type-product","3":"status-publish","4":"has-post-thumbnail","6":"product_cat-zubehoer-addiclick","7":"product_cat-zubehoer-addiexpress","8":"product_cat-addiclick-zubehoer-2","9":"product_cat-addiexpress-zubehoer-2","10":"product_cat-addiclick-zubehoer","11":"product_cat-addiexpress-zubehoer","13":"first","14":"instock","15":"shipping-taxable","16":"purchasable","17":"product-type-simple"},"acf":[],"_links":{"self":[{"href":"https:\/\/addi.de\/en\/wp-json\/wp\/v2\/product\/53083","targetHints":{"allow":["GET"]}}],"collection":[{"href":"https:\/\/addi.de\/en\/wp-json\/wp\/v2\/product"}],"about":[{"href":"https:\/\/addi.de\/en\/wp-json\/wp\/v2\/types\/product"}],"wp:featuredmedia":[{"embeddable":true,"href":"https:\/\/addi.de\/en\/wp-json\/wp\/v2\/media\/52057"}],"wp:attachment":[{"href":"https:\/\/addi.de\/en\/wp-json\/wp\/v2\/media?parent=53083"}],"wp:term":[{"taxonomy":"product_brand","embeddable":true,"href":"https:\/\/addi.de\/en\/wp-json\/wp\/v2\/product_brand?post=53083"},{"taxonomy":"product_cat","embeddable":true,"href":"https:\/\/addi.de\/en\/wp-json\/wp\/v2\/product_cat?post=53083"},{"taxonomy":"product_tag","embeddable":true,"href":"https:\/\/addi.de\/en\/wp-json\/wp\/v2\/product_tag?post=53083"}],"curies":[{"name":"wp","href":"https:\/\/api.w.org\/{rel}","templated":true}]}}