{"id":57131,"date":"2024-09-16T15:15:46","date_gmt":"2024-09-16T13:15:46","guid":{"rendered":"https:\/\/addi.de\/?post_type=product&#038;p=57131"},"modified":"2026-03-20T09:45:36","modified_gmt":"2026-03-20T08:45:36","slug":"rundstricknadel-flyer-addi-de","status":"publish","type":"product","link":"https:\/\/addi.de\/en\/product-3\/rundstricknadel-flyer-addi-de\/","title":{"rendered":"addi circular needle flyer (German)"},"content":{"rendered":"<p>This flyer gives you a complete overview of the addi circular knitting needles range. Your customers will not only learn about all the advantages and special features of the different needle series, but also what makes addi needles so unique.<\/p>\n<ul>\n<li>addi philosophy<\/li>\n<li>Background knowledge about the material<\/li>\n<li>Tips on different needle lengths<\/li>\n<li>All circular knitting needle series at a glance\n<ul>\n<li>With needle recommendations<\/li>\n<li>Summary of strengths and lengths<\/li>\n<li>Special features of the surfaces<\/li>\n<\/ul>\n<\/li>\n<\/ul>\n<p><a href=\"https:\/\/addi.de\/wp-content\/uploads\/2024\/10\/862-0-Rundstricknadeln-Flyer_DE_web-01.pdf\"><strong>View here digitally (PDF Download)<\/strong><\/a><\/p>\n<p>&nbsp;<\/p>","protected":false},"excerpt":{"rendered":"<p>Die volle \u00dcbersicht \u00fcber das Sortiment der addi-Rundstricknadeln gibt Ihnen dieser Flyer. Ihre Kunden erfahren nicht nur alle Vorteile und Besonderheiten der unterschiedlichen Nadelserien, sondern auch, was addi-Nadel so besonders macht. addi Philosophie Hintergrundwissen zum Material Tipps zu verschiedenen Spitzenl\u00e4ngen Alle Rundstricknadel-Serien im \u00dcberblick Mit Nadelempfehlungen Zusammenfassung der St\u00e4rken und L\u00e4ngen Besonderheiten der Oberfl\u00e4chen Hier [&hellip;]<\/p>","protected":false},"featured_media":57135,"template":"","meta":{"_acf_changed":false,"inline_featured_image":false},"product_brand":[],"product_cat":[506],"product_tag":[],"class_list":{"0":"post-57131","1":"product","2":"type-product","3":"status-publish","4":"has-post-thumbnail","6":"product_cat-werbematerial","8":"first","9":"instock","10":"shipping-taxable","11":"purchasable","12":"product-type-simple"},"acf":[],"_links":{"self":[{"href":"https:\/\/addi.de\/en\/wp-json\/wp\/v2\/product\/57131","targetHints":{"allow":["GET"]}}],"collection":[{"href":"https:\/\/addi.de\/en\/wp-json\/wp\/v2\/product"}],"about":[{"href":"https:\/\/addi.de\/en\/wp-json\/wp\/v2\/types\/product"}],"wp:featuredmedia":[{"embeddable":true,"href":"https:\/\/addi.de\/en\/wp-json\/wp\/v2\/media\/57135"}],"wp:attachment":[{"href":"https:\/\/addi.de\/en\/wp-json\/wp\/v2\/media?parent=57131"}],"wp:term":[{"taxonomy":"product_brand","embeddable":true,"href":"https:\/\/addi.de\/en\/wp-json\/wp\/v2\/product_brand?post=57131"},{"taxonomy":"product_cat","embeddable":true,"href":"https:\/\/addi.de\/en\/wp-json\/wp\/v2\/product_cat?post=57131"},{"taxonomy":"product_tag","embeddable":true,"href":"https:\/\/addi.de\/en\/wp-json\/wp\/v2\/product_tag?post=57131"}],"curies":[{"name":"wp","href":"https:\/\/api.w.org\/{rel}","templated":true}]}}