{"id":64100,"date":"2025-03-04T10:00:23","date_gmt":"2025-03-04T09:00:23","guid":{"rendered":"https:\/\/addi.de\/?post_type=product&#038;p=64100"},"modified":"2026-03-19T11:51:20","modified_gmt":"2026-03-19T10:51:20","slug":"addiumbrella-schirmhaspel","status":"publish","type":"product","link":"https:\/\/addi.de\/en\/produkt\/addiumbrella-schirmhaspel\/","title":{"rendered":"addiUmbrella reel"},"content":{"rendered":"<p>The beautiful addiUmbrella reel in elegant vintage blue is handmade from solid wood. Suitable for skeins with a circumference of up to 215 cm, it can be folded up and stowed away easily.<\/p>\n<p>For winding balls from skeins into balls or for taking up yarns into skeins. Ideal for use in combination with our colour- matched addiWinder yarn winder.<\/p>\n<p><strong>Material: <\/strong>Solid beech wood, varnished blue<\/p>\n<p><a href=\"https:\/\/addi.de\/wp-content\/uploads\/2025\/02\/531-2_addiUmbrella-Aufbauanleitung_web.pdf\">Assembly instructions<\/a><\/p>","protected":false},"excerpt":{"rendered":"<p>Die wundersch\u00f6ne addiUmbrella Schirmhaspel in edlem Vintage-Blau wird in Handarbeit aus Massivholz gefertigt. Passend f\u00fcr Str\u00e4nge mit einem Umfang bis zu 215 cm l\u00e4sst sie sich handlich zusammenklappen und verstauen. Zum Wickeln von Kn\u00e4uel aus Garnstr\u00e4ngen oder zum Aufwickeln von Garnen zum Strang. Ideal zur Verwendung in Kombination mit unserem farblich passenden addiWinder Garnwickler. Material: [&hellip;]<\/p>\n","protected":false},"featured_media":64187,"template":"","meta":{"_acf_changed":false,"inline_featured_image":false},"product_brand":[],"product_cat":[602,583,357,73],"product_tag":[],"class_list":{"0":"post-64100","1":"product","2":"type-product","3":"status-publish","4":"has-post-thumbnail","6":"product_cat-strickzubehoer-2","7":"product_cat-haekelzubehoer","8":"product_cat-zubehoer-stricken-haekeln","9":"product_cat-addi-geschenkideen","11":"first","12":"instock","13":"shipping-taxable","14":"purchasable","15":"product-type-simple"},"acf":[],"_links":{"self":[{"href":"https:\/\/addi.de\/en\/wp-json\/wp\/v2\/product\/64100","targetHints":{"allow":["GET"]}}],"collection":[{"href":"https:\/\/addi.de\/en\/wp-json\/wp\/v2\/product"}],"about":[{"href":"https:\/\/addi.de\/en\/wp-json\/wp\/v2\/types\/product"}],"wp:featuredmedia":[{"embeddable":true,"href":"https:\/\/addi.de\/en\/wp-json\/wp\/v2\/media\/64187"}],"wp:attachment":[{"href":"https:\/\/addi.de\/en\/wp-json\/wp\/v2\/media?parent=64100"}],"wp:term":[{"taxonomy":"product_brand","embeddable":true,"href":"https:\/\/addi.de\/en\/wp-json\/wp\/v2\/product_brand?post=64100"},{"taxonomy":"product_cat","embeddable":true,"href":"https:\/\/addi.de\/en\/wp-json\/wp\/v2\/product_cat?post=64100"},{"taxonomy":"product_tag","embeddable":true,"href":"https:\/\/addi.de\/en\/wp-json\/wp\/v2\/product_tag?post=64100"}],"curies":[{"name":"wp","href":"https:\/\/api.w.org\/{rel}","templated":true}]}}