{"id":64101,"date":"2025-03-04T10:00:47","date_gmt":"2025-03-04T09:00:47","guid":{"rendered":"https:\/\/addi.de\/?post_type=product&#038;p=64101"},"modified":"2026-03-19T11:51:27","modified_gmt":"2026-03-19T10:51:27","slug":"addiwinder-garnwickler","status":"publish","type":"product","link":"https:\/\/addi.de\/en\/product-3\/addiwinder-garnwickler\/","title":{"rendered":"addiWinder yarn winder"},"content":{"rendered":"<p>The high-quality wool winder in elegant vintage blue is made by hand from solid beech wood. It winds up to 450 g of yarn in one go and can be easily and securely attached to the edge of the table. The quality ball bearing enables even winding.<\/p>\n<p>For winding balls of yarn skeins in combination with a yarn reel such as our addiUmbrella reel<\/p>\n<p><strong>Material: <\/strong>Solid beech wood, varnished blue<\/p>\n<p><a href=\"https:\/\/addi.de\/wp-content\/uploads\/2025\/08\/532-2_addiWinder-Aufbauanleitung_web.pdf\">Assembly instructions<\/a><\/p>","protected":false},"excerpt":{"rendered":"<p>Der hochwertige Wollwickler in edlem Vintage-Blau aus massivem Buchenholz ist in Handarbeit gefertigt. Er wickelt bis zu 450 g Garn in einem Gang und l\u00e4sst sich einfach und sicher an der Tischkante befestigen. Das Qualit\u00e4tskugellager erm\u00f6glicht ein gleichm\u00e4\u00dfiges Wickeln. Zum Wickeln von Kn\u00e4uel aus Garnstr\u00e4ngen in Kombination mit einer Wollhaspel wie unserer addiUmbrella Schirmhaspel Material: [&hellip;]<\/p>","protected":false},"featured_media":64188,"template":"","meta":{"_acf_changed":false,"inline_featured_image":false},"product_brand":[],"product_cat":[602,583,73],"product_tag":[],"class_list":{"0":"post-64101","1":"product","2":"type-product","3":"status-publish","4":"has-post-thumbnail","6":"product_cat-strickzubehoer-2","7":"product_cat-haekelzubehoer","8":"product_cat-addi-geschenkideen","10":"first","11":"instock","12":"shipping-taxable","13":"purchasable","14":"product-type-simple"},"acf":[],"_links":{"self":[{"href":"https:\/\/addi.de\/en\/wp-json\/wp\/v2\/product\/64101","targetHints":{"allow":["GET"]}}],"collection":[{"href":"https:\/\/addi.de\/en\/wp-json\/wp\/v2\/product"}],"about":[{"href":"https:\/\/addi.de\/en\/wp-json\/wp\/v2\/types\/product"}],"wp:featuredmedia":[{"embeddable":true,"href":"https:\/\/addi.de\/en\/wp-json\/wp\/v2\/media\/64188"}],"wp:attachment":[{"href":"https:\/\/addi.de\/en\/wp-json\/wp\/v2\/media?parent=64101"}],"wp:term":[{"taxonomy":"product_brand","embeddable":true,"href":"https:\/\/addi.de\/en\/wp-json\/wp\/v2\/product_brand?post=64101"},{"taxonomy":"product_cat","embeddable":true,"href":"https:\/\/addi.de\/en\/wp-json\/wp\/v2\/product_cat?post=64101"},{"taxonomy":"product_tag","embeddable":true,"href":"https:\/\/addi.de\/en\/wp-json\/wp\/v2\/product_tag?post=64101"}],"curies":[{"name":"wp","href":"https:\/\/api.w.org\/{rel}","templated":true}]}}