{"id":64102,"date":"2025-03-04T10:00:26","date_gmt":"2025-03-04T09:00:26","guid":{"rendered":"https:\/\/addi.de\/?post_type=product&#038;p=64102"},"modified":"2026-03-19T11:49:01","modified_gmt":"2026-03-19T10:49:01","slug":"addimystic-lace-rundstricknadel","status":"publish","type":"product","link":"https:\/\/addi.de\/en\/product-3\/addimystic-lace-rundstricknadel\/","title":{"rendered":"addiMystic Lace circular knitting needle"},"content":{"rendered":"<p><strong>The elegant, mystically shimmering circular knitting needle feels wonderfully soft to the touch with its smooth surface.<\/strong><\/p>\n<p>Thanks to its solid tips, the hand flatterer is not only stable, it also impresses with its fine lace tips, which enhance the knitting of delicate patterns and fine yarns. The needle warms up wonderfully quickly in the hand - a feeling that will impress both metal and wood lovers.<\/p>\n<ul>\n<li>Recommended for fine yarns and patterns<\/li>\n<li>A perfect knitting needle for beginners and professionals<\/li>\n<li>Recommended for knitters with a preference for a loose stitches.<\/li>\n<li>Solid tips for heavy duty use<\/li>\n<\/ul>\n<p>Of course, Made in Germany.<\/p>\n<p><strong>Material:<\/strong> Aluminium colour anodised, brass casings and gold cord plastic<\/p>","protected":false},"excerpt":{"rendered":"<p>Die edle, mystisch schimmernde Rundstricknadel f\u00fchlt sich durch ihre matte Oberfl\u00e4che wunderbar sanft an. Der Handschmeichler ist dank seiner massiven Spitzen nicht nur stabil, er besticht auch durch feine Lace-Spitzen, die das Stricken von zarten Mustern und feinen Garnen vers\u00fc\u00dfen. Die Nadel erw\u00e4rmt sich wunderbar schnell in der Hand &#8211; ein Gef\u00fchl, das sowohl Metall- [&hellip;]<\/p>","protected":false},"featured_media":63333,"template":"","meta":{"_acf_changed":false,"inline_featured_image":false},"product_brand":[],"product_cat":[669,580,76,73],"product_tag":[],"class_list":{"0":"post-64102","1":"product","2":"type-product","3":"status-publish","4":"has-post-thumbnail","6":"product_cat-bunte-stricknadeln","7":"product_cat-stricken","8":"product_cat-rundstricknadeln","9":"product_cat-addi-geschenkideen","10":"pa_laenge-60-cm-en","11":"pa_laenge-80-cm-en","12":"pa_laenge-100-cm","13":"pa_laenge-120-cm","14":"pa_laenge-150-cm","16":"first","17":"instock","18":"shipping-taxable","19":"purchasable","20":"product-type-variable"},"acf":[],"_links":{"self":[{"href":"https:\/\/addi.de\/en\/wp-json\/wp\/v2\/product\/64102","targetHints":{"allow":["GET"]}}],"collection":[{"href":"https:\/\/addi.de\/en\/wp-json\/wp\/v2\/product"}],"about":[{"href":"https:\/\/addi.de\/en\/wp-json\/wp\/v2\/types\/product"}],"wp:featuredmedia":[{"embeddable":true,"href":"https:\/\/addi.de\/en\/wp-json\/wp\/v2\/media\/63333"}],"wp:attachment":[{"href":"https:\/\/addi.de\/en\/wp-json\/wp\/v2\/media?parent=64102"}],"wp:term":[{"taxonomy":"product_brand","embeddable":true,"href":"https:\/\/addi.de\/en\/wp-json\/wp\/v2\/product_brand?post=64102"},{"taxonomy":"product_cat","embeddable":true,"href":"https:\/\/addi.de\/en\/wp-json\/wp\/v2\/product_cat?post=64102"},{"taxonomy":"product_tag","embeddable":true,"href":"https:\/\/addi.de\/en\/wp-json\/wp\/v2\/product_tag?post=64102"}],"curies":[{"name":"wp","href":"https:\/\/api.w.org\/{rel}","templated":true}]}}