{"id":64189,"date":"2025-03-04T10:00:46","date_gmt":"2025-03-04T09:00:46","guid":{"rendered":"https:\/\/addi.de\/?post_type=product&#038;p=64189"},"modified":"2026-03-19T11:48:51","modified_gmt":"2026-03-19T10:48:51","slug":"addiunicorn-lace-rundstricknadel","status":"publish","type":"product","link":"https:\/\/addi.de\/en\/product-3\/addiunicorn-lace-rundstricknadel\/","title":{"rendered":"addiUnicorn Lace circular knitting needle"},"content":{"rendered":"<p>Now with extra fine lace tips: The fine needle tips make it possible to knit delicate patterns and filigree techniques. The elegant, spiral structure massages the hands while knitting and the shiny, shimmering surface ensures magical knitting moments and gently gliding yarn. The magic of the unicorn!<\/p>\n<ul>\n<li>Recommended for fine yarns and patterns<\/li>\n<li>A perfect knitting needle for beginners and professionals<\/li>\n<li>Improved grip due to the spiral structure<\/li>\n<li>Also recommended for knitted fabrics with a tightly knit structure.<\/li>\n<\/ul>\n<p>Of course, Made in Germany.<\/p>\n<p><strong>Material:<\/strong> Brass tips white bronzed (125 mm) with spiral structure, two lace tips, pink plastic rope<\/p>","protected":false},"excerpt":{"rendered":"<p>Jetzt mit besonders feinen Lace-Spitzen: Die extra feinen Nadelspitzen erm\u00f6glichen das Stricken von pr\u00e4zisen Muster und filigranen Techniken. Die edle, spiralf\u00f6rmige Struktur massiert die H\u00e4nde beim Stricken leicht und die gl\u00e4nzende, schimmernde Oberfl\u00e4che sorgt f\u00fcr magische Strickmomente und sanft gleitendes Garn. Die Magie des Einhorns! Empfohlen f\u00fcr feine Garne und Muster Eine perfekte Stricknadel f\u00fcr [&hellip;]<\/p>","protected":false},"featured_media":64326,"template":"","meta":{"_acf_changed":false,"inline_featured_image":false},"product_brand":[],"product_cat":[68,76,591,73],"product_tag":[],"class_list":{"0":"post-64189","1":"product","2":"type-product","3":"status-publish","4":"has-post-thumbnail","6":"product_cat-stricknadeln","7":"product_cat-rundstricknadeln","8":"product_cat-addiunicorn","9":"product_cat-addi-geschenkideen","10":"pa_laenge-100-cm-en","11":"pa_laenge-120-cm-en","12":"pa_laenge-150-cm-en","13":"pa_laenge-60-cm-en","14":"pa_laenge-80-cm-en","16":"first","17":"instock","18":"shipping-taxable","19":"purchasable","20":"product-type-variable"},"acf":[],"_links":{"self":[{"href":"https:\/\/addi.de\/en\/wp-json\/wp\/v2\/product\/64189","targetHints":{"allow":["GET"]}}],"collection":[{"href":"https:\/\/addi.de\/en\/wp-json\/wp\/v2\/product"}],"about":[{"href":"https:\/\/addi.de\/en\/wp-json\/wp\/v2\/types\/product"}],"wp:featuredmedia":[{"embeddable":true,"href":"https:\/\/addi.de\/en\/wp-json\/wp\/v2\/media\/64326"}],"wp:attachment":[{"href":"https:\/\/addi.de\/en\/wp-json\/wp\/v2\/media?parent=64189"}],"wp:term":[{"taxonomy":"product_brand","embeddable":true,"href":"https:\/\/addi.de\/en\/wp-json\/wp\/v2\/product_brand?post=64189"},{"taxonomy":"product_cat","embeddable":true,"href":"https:\/\/addi.de\/en\/wp-json\/wp\/v2\/product_cat?post=64189"},{"taxonomy":"product_tag","embeddable":true,"href":"https:\/\/addi.de\/en\/wp-json\/wp\/v2\/product_tag?post=64189"}],"curies":[{"name":"wp","href":"https:\/\/api.w.org\/{rel}","templated":true}]}}