{"id":64266,"date":"2025-03-04T10:00:46","date_gmt":"2025-03-04T09:00:46","guid":{"rendered":"https:\/\/addi.de\/?post_type=product&#038;p=64266"},"modified":"2026-03-19T11:51:12","modified_gmt":"2026-03-19T10:51:12","slug":"addiexpress-tension-fadenfuehrung-set","status":"publish","type":"product","link":"https:\/\/addi.de\/en\/product-3\/addiexpress-tension-fadenfuehrung-set\/","title":{"rendered":"addiExpress Tension Guide Set"},"content":{"rendered":"<p>For even yarn tension with addiExpress knitting machines. With the set consisting of 2 tension guides, it is no longer necessary to hold the yarn - simply fix it in the tension guide and start knitting. The addi tension guide is specially adapted for both sizes of addiExpress knitting machines (Professional and Kingsize). It can therefore be fixed particularly securely in the golden yarn guide of the machines.<\/p>\n<p>All sizes of yarn recommended for addiExpress (4-8 mm needle size) can be fixed with the thread tensioner. Hole sizes \u2205 3 - 4 mm<\/p>\n<p><strong>Material<\/strong>: Kunststoff<\/p>","protected":false},"excerpt":{"rendered":"<p>F\u00fcr gleichm\u00e4\u00dfige Fadenspannung mit addiExpress Strickmaschinen. Mit dem Set bestehend aus 2 Fadenf\u00fchrungen ist kein Festhalten des Garnes mehr n\u00f6tig \u2013 einfach in der Fadenf\u00fchrung fixieren und loskurbeln. Der addi-Fadenspanner ist speziell f\u00fcr beide Gr\u00f6\u00dfen der addiExpress Strickmaschinen angepasst (Professional und Kingsize). Deshalb l\u00e4sst er sich besonders stabil in der goldenen Fadenf\u00fchrung der Maschinen fixieren. [&hellip;]<\/p>","protected":false},"featured_media":64399,"template":"","meta":{"_acf_changed":false,"inline_featured_image":false},"product_brand":[],"product_cat":[90,589,92],"product_tag":[],"class_list":{"0":"post-64266","1":"product","2":"type-product","3":"status-publish","4":"has-post-thumbnail","6":"product_cat-zubehoer-addiexpress","7":"product_cat-addiexpress-zubehoer-2","8":"product_cat-addiexpress-zubehoer","10":"first","11":"instock","12":"shipping-taxable","13":"purchasable","14":"product-type-simple"},"acf":[],"_links":{"self":[{"href":"https:\/\/addi.de\/en\/wp-json\/wp\/v2\/product\/64266","targetHints":{"allow":["GET"]}}],"collection":[{"href":"https:\/\/addi.de\/en\/wp-json\/wp\/v2\/product"}],"about":[{"href":"https:\/\/addi.de\/en\/wp-json\/wp\/v2\/types\/product"}],"wp:featuredmedia":[{"embeddable":true,"href":"https:\/\/addi.de\/en\/wp-json\/wp\/v2\/media\/64399"}],"wp:attachment":[{"href":"https:\/\/addi.de\/en\/wp-json\/wp\/v2\/media?parent=64266"}],"wp:term":[{"taxonomy":"product_brand","embeddable":true,"href":"https:\/\/addi.de\/en\/wp-json\/wp\/v2\/product_brand?post=64266"},{"taxonomy":"product_cat","embeddable":true,"href":"https:\/\/addi.de\/en\/wp-json\/wp\/v2\/product_cat?post=64266"},{"taxonomy":"product_tag","embeddable":true,"href":"https:\/\/addi.de\/en\/wp-json\/wp\/v2\/product_tag?post=64266"}],"curies":[{"name":"wp","href":"https:\/\/api.w.org\/{rel}","templated":true}]}}