{"id":64269,"date":"2025-03-04T09:00:08","date_gmt":"2025-03-04T08:00:08","guid":{"rendered":"https:\/\/addi.de\/?post_type=product&#038;p=64269"},"modified":"2026-03-19T11:50:25","modified_gmt":"2026-03-19T10:50:25","slug":"addiexpress-fundamental-guide-book","status":"publish","type":"product","link":"https:\/\/addi.de\/en\/product-3\/addiexpress-fundamental-guide-book\/","title":{"rendered":"addiExpress Winder\u2019s Companion Book EN"},"content":{"rendered":"<p><strong>Simply start winding \u2013 even without knitting knowledge.<\/strong><\/p>\n<p>The indispensable book for all fans of the addiExpress knitting machines! On 132 pages full of inspiration, practical tips and in-depth knowledge, you will learn everything you need for a successful start and creative projects with your addiExpress machines.<\/p>\n<p>Whether you are just starting out or the addiExpress is already one of your favourite tools, this book will be a reliable companion and will provide you with new ideas and inspiration for new projects time and time again.<\/p>\n<p><a href=\"https:\/\/addi.de\/wp-content\/uploads\/2025\/05\/Winders-Companion_Lebeprobe_EN.pdf\">View reading sample<\/a><\/p>\n<p>ISBN 978-3-98207-673-7<\/p>","protected":false},"excerpt":{"rendered":"<p>Einfach loskurbeln &#8211; auch ohne Strickkenntnisse. Das unverzichtbare Nachschlagewerk f\u00fcr alle Fans der addiExpress Strickmaschinen! Auf 132 Seiten voller Inspirationen, praktischer Tipps und fundiertem Wissen erfahren Sie alles, was Sie f\u00fcr einen erfolgreichen Einstieg und kreative Projekte mit Ihren addiExpress Maschinen Professional und Kingsize ben\u00f6tigen. Ob du gerade erst mit dem Kurbeln anf\u00e4ngst oder die [&hellip;]<\/p>","protected":false},"featured_media":68361,"template":"","meta":{"_acf_changed":false,"inline_featured_image":false},"product_brand":[],"product_cat":[513,126,589,94,92,73],"product_tag":[],"class_list":{"0":"post-64269","1":"product","2":"type-product","3":"status-publish","4":"has-post-thumbnail","6":"product_cat-addiexpress-anleitungsbuecher","7":"product_cat-addiexpress","8":"product_cat-addiexpress-zubehoer-2","9":"product_cat-buecher-englisch","10":"product_cat-addiexpress-zubehoer","11":"product_cat-addi-geschenkideen","13":"first","14":"instock","15":"shipping-taxable","16":"purchasable","17":"product-type-simple"},"acf":[],"_links":{"self":[{"href":"https:\/\/addi.de\/en\/wp-json\/wp\/v2\/product\/64269","targetHints":{"allow":["GET"]}}],"collection":[{"href":"https:\/\/addi.de\/en\/wp-json\/wp\/v2\/product"}],"about":[{"href":"https:\/\/addi.de\/en\/wp-json\/wp\/v2\/types\/product"}],"wp:featuredmedia":[{"embeddable":true,"href":"https:\/\/addi.de\/en\/wp-json\/wp\/v2\/media\/68361"}],"wp:attachment":[{"href":"https:\/\/addi.de\/en\/wp-json\/wp\/v2\/media?parent=64269"}],"wp:term":[{"taxonomy":"product_brand","embeddable":true,"href":"https:\/\/addi.de\/en\/wp-json\/wp\/v2\/product_brand?post=64269"},{"taxonomy":"product_cat","embeddable":true,"href":"https:\/\/addi.de\/en\/wp-json\/wp\/v2\/product_cat?post=64269"},{"taxonomy":"product_tag","embeddable":true,"href":"https:\/\/addi.de\/en\/wp-json\/wp\/v2\/product_tag?post=64269"}],"curies":[{"name":"wp","href":"https:\/\/api.w.org\/{rel}","templated":true}]}}