{"id":64388,"date":"2025-03-04T09:00:04","date_gmt":"2025-03-04T08:00:04","guid":{"rendered":"https:\/\/addi.de\/?post_type=product&#038;p=64388"},"modified":"2026-03-20T09:46:19","modified_gmt":"2026-03-20T08:46:19","slug":"haekelnadel-flyer-addi-en","status":"publish","type":"product","link":"https:\/\/addi.de\/en\/product-3\/haekelnadel-flyer-addi-en\/","title":{"rendered":"Flyer addi crochet hooks (English)"},"content":{"rendered":"<p>This flyer gives you a complete overview of the addi crochet hook range. Your customers will not only learn about all the advantages and special features of the different needle series, but also what makes addi needles so unique.<\/p>\n<ul>\n<li>addi philosophy<\/li>\n<li>Background knowledge<\/li>\n<li>All crochet hook series at a glance\n<ul>\n<li>With needle recommendations<\/li>\n<li>Summary of strengths and lengths<\/li>\n<li>Special features of the surfaces<\/li>\n<\/ul>\n<\/li>\n<\/ul>\n<p><a href=\"https:\/\/addi.de\/wp-content\/uploads\/2025\/02\/859-0-Hakelnadeln-Flyer_EN_web.pdf\"><strong>View here digitally (PDF Download)<\/strong><\/a><\/p>","protected":false},"excerpt":{"rendered":"<p>Die volle \u00dcbersicht \u00fcber das Sortiment der addi-H\u00e4kelnadeln gibt Ihnen dieser Flyer. Ihre Kunden erfahren nicht nur alle Vorteile und Besonderheiten der unterschiedlichen Nadelserien, sondern auch, was addi-Nadel so besonders macht. addi Philosophie Hintergrundwissen Alle H\u00e4kelnadel-Serien im \u00dcberblick Mit Nadelempfehlungen Zusammenfassung der St\u00e4rken und L\u00e4ngen Besonderheiten der Oberfl\u00e4chen Hier vorab digital ansehen (PDF Download)<\/p>","protected":false},"featured_media":64386,"template":"","meta":{"_acf_changed":false,"inline_featured_image":false},"product_brand":[],"product_cat":[74,506],"product_tag":[],"class_list":{"0":"post-64388","1":"product","2":"type-product","3":"status-publish","4":"has-post-thumbnail","6":"product_cat-haendlerzubehoer","7":"product_cat-werbematerial","9":"first","10":"instock","11":"shipping-taxable","12":"purchasable","13":"product-type-simple"},"acf":[],"_links":{"self":[{"href":"https:\/\/addi.de\/en\/wp-json\/wp\/v2\/product\/64388","targetHints":{"allow":["GET"]}}],"collection":[{"href":"https:\/\/addi.de\/en\/wp-json\/wp\/v2\/product"}],"about":[{"href":"https:\/\/addi.de\/en\/wp-json\/wp\/v2\/types\/product"}],"wp:featuredmedia":[{"embeddable":true,"href":"https:\/\/addi.de\/en\/wp-json\/wp\/v2\/media\/64386"}],"wp:attachment":[{"href":"https:\/\/addi.de\/en\/wp-json\/wp\/v2\/media?parent=64388"}],"wp:term":[{"taxonomy":"product_brand","embeddable":true,"href":"https:\/\/addi.de\/en\/wp-json\/wp\/v2\/product_brand?post=64388"},{"taxonomy":"product_cat","embeddable":true,"href":"https:\/\/addi.de\/en\/wp-json\/wp\/v2\/product_cat?post=64388"},{"taxonomy":"product_tag","embeddable":true,"href":"https:\/\/addi.de\/en\/wp-json\/wp\/v2\/product_tag?post=64388"}],"curies":[{"name":"wp","href":"https:\/\/api.w.org\/{rel}","templated":true}]}}