{"id":71180,"date":"2025-10-02T15:13:56","date_gmt":"2025-10-02T13:13:56","guid":{"rendered":"https:\/\/addi.de\/?post_type=product&#038;p=71180"},"modified":"2026-03-20T09:49:18","modified_gmt":"2026-03-20T08:49:18","slug":"image-flyer-addi-tr","status":"publish","type":"product","link":"https:\/\/addi.de\/en\/product-3\/image-flyer-addi-tr\/","title":{"rendered":"Image flyer (Turkish)"},"content":{"rendered":"<p>Image-Flyer addi T\u00fcrkisch &#8211; ein Imageflyer mit Informationen zum Unternehmen und einem \u00dcberblick \u00fcber das Sortiment.<\/p>\n<p>addi &#8211; ein Familienunternehmen in 6. Generation und das nat\u00fcrlich &#8222;Made in Germany&#8220;. Wir setzen auf nachhaltiges Wachstum, immer wieder neue Produktinnovationen und Kundenservice. Wir bieten eine Menge guter Verkaufsarguente, die Sie gerne auch Ihren Kunden weitergeben d\u00fcrfen.<\/p>\n<p><a href=\"https:\/\/addi.de\/wp-content\/uploads\/2025\/10\/Imageflyer-TR-25_web.pdf\">Watch digitally here<\/a><\/p>","protected":false},"excerpt":{"rendered":"<p>english<\/p>","protected":false},"featured_media":71167,"template":"","meta":{"_acf_changed":false,"inline_featured_image":false},"product_brand":[],"product_cat":[506,23],"product_tag":[],"class_list":{"0":"post-71180","1":"product","2":"type-product","3":"status-publish","4":"has-post-thumbnail","6":"product_cat-werbematerial","7":"product_cat-unkategorisiert","8":"pa_variante-englisch","10":"first","11":"instock","12":"shipping-taxable","13":"purchasable","14":"product-type-simple"},"acf":[],"_links":{"self":[{"href":"https:\/\/addi.de\/en\/wp-json\/wp\/v2\/product\/71180","targetHints":{"allow":["GET"]}}],"collection":[{"href":"https:\/\/addi.de\/en\/wp-json\/wp\/v2\/product"}],"about":[{"href":"https:\/\/addi.de\/en\/wp-json\/wp\/v2\/types\/product"}],"wp:featuredmedia":[{"embeddable":true,"href":"https:\/\/addi.de\/en\/wp-json\/wp\/v2\/media\/71167"}],"wp:attachment":[{"href":"https:\/\/addi.de\/en\/wp-json\/wp\/v2\/media?parent=71180"}],"wp:term":[{"taxonomy":"product_brand","embeddable":true,"href":"https:\/\/addi.de\/en\/wp-json\/wp\/v2\/product_brand?post=71180"},{"taxonomy":"product_cat","embeddable":true,"href":"https:\/\/addi.de\/en\/wp-json\/wp\/v2\/product_cat?post=71180"},{"taxonomy":"product_tag","embeddable":true,"href":"https:\/\/addi.de\/en\/wp-json\/wp\/v2\/product_tag?post=71180"}],"curies":[{"name":"wp","href":"https:\/\/api.w.org\/{rel}","templated":true}]}}