{"id":71879,"date":"2025-11-03T15:16:07","date_gmt":"2025-11-03T14:16:07","guid":{"rendered":"https:\/\/addi.de\/?post_type=product&#038;p=71879"},"modified":"2026-03-20T09:50:51","modified_gmt":"2026-03-20T08:50:51","slug":"geschenkeideen-flyer-addi-en","status":"publish","type":"product","link":"https:\/\/addi.de\/en\/product-3\/geschenkeideen-flyer-addi-en\/","title":{"rendered":"Gift ideas flyer addi (English)"},"content":{"rendered":"<p>This flyer provides inspiration for your customers with an overview of addi's special products and sets. Whether you're looking for gift ideas for Christmas or birthdays, this brochure offers inspiration all year round. There's something for everyone here \u2013 and of course, Made in Germany.<\/p>\n<p><strong>Tip:<\/strong> In Kombination mit der <a href=\"https:\/\/addi.de\/en\/product-3\/postkarte-wunschzettel-en\/\">Wunsch-Postkarte<\/a> k\u00f6nnen Ihre Kunden gleich alles notieren und die Karte weitergeben. So brauchen Sie die passenden Produkte nur noch zu bestellen.<\/p>\n<p><strong><a href=\"https:\/\/addi.de\/wp-content\/uploads\/2025\/11\/832_Geschenkideen-EN25_web.pdf\">View here digitally (PDF Download)<\/a><\/strong><\/p>\n<p>&nbsp;<\/p>","protected":false},"excerpt":{"rendered":"<p>Als Inspiration f\u00fcr Ihre Kunden bietet dieser Flyer eine \u00dcbersicht \u00fcber die addi-Besonderheiten und Nadelsets. Ob f\u00fcr Geschenkideen zu Weihnachten oder zum Geburtstag bietet das Heft ganzj\u00e4hrig Inspiration. Hier ist f\u00fcr jeden etwas dabei &#8211; nat\u00fcrlich Made in Germany. Tipp: In Kombination mit der Wunsch-Postkarte k\u00f6nnen Ihre Kunden gleich alles notieren und die Karte weitergeben. [&hellip;]<\/p>","protected":false},"featured_media":71899,"template":"","meta":{"_acf_changed":false,"inline_featured_image":false},"product_brand":[],"product_cat":[506,67],"product_tag":[],"class_list":{"0":"post-71879","1":"product","2":"type-product","3":"status-publish","4":"has-post-thumbnail","6":"product_cat-werbematerial","7":"product_cat-addi-neuheiten","9":"first","10":"instock","11":"shipping-taxable","12":"purchasable","13":"product-type-simple"},"acf":[],"_links":{"self":[{"href":"https:\/\/addi.de\/en\/wp-json\/wp\/v2\/product\/71879","targetHints":{"allow":["GET"]}}],"collection":[{"href":"https:\/\/addi.de\/en\/wp-json\/wp\/v2\/product"}],"about":[{"href":"https:\/\/addi.de\/en\/wp-json\/wp\/v2\/types\/product"}],"wp:featuredmedia":[{"embeddable":true,"href":"https:\/\/addi.de\/en\/wp-json\/wp\/v2\/media\/71899"}],"wp:attachment":[{"href":"https:\/\/addi.de\/en\/wp-json\/wp\/v2\/media?parent=71879"}],"wp:term":[{"taxonomy":"product_brand","embeddable":true,"href":"https:\/\/addi.de\/en\/wp-json\/wp\/v2\/product_brand?post=71879"},{"taxonomy":"product_cat","embeddable":true,"href":"https:\/\/addi.de\/en\/wp-json\/wp\/v2\/product_cat?post=71879"},{"taxonomy":"product_tag","embeddable":true,"href":"https:\/\/addi.de\/en\/wp-json\/wp\/v2\/product_tag?post=71879"}],"curies":[{"name":"wp","href":"https:\/\/api.w.org\/{rel}","templated":true}]}}