{"id":71882,"date":"2025-11-03T15:36:40","date_gmt":"2025-11-03T14:36:40","guid":{"rendered":"https:\/\/addi.de\/?post_type=product&#038;p=71882"},"modified":"2026-03-20T09:51:15","modified_gmt":"2026-03-20T08:51:15","slug":"postkarte-wunschzettel-de","status":"publish","type":"product","link":"https:\/\/addi.de\/en\/product-3\/postkarte-wunschzettel-de\/","title":{"rendered":"Postcard wish list (German)"},"content":{"rendered":"<p>Als Handarbeitsfan ist es nicht immer einfach seinen liebsten konkrete W\u00fcnsche zu erkl\u00e4ren. Daher stellen wir Ihnen diesen handlichen Wunschzettel im Postkartenformat zur verf\u00fcgung &#8211; verteilen Sie ihn einfach mit ihren Kontaktdaten an ihre Kunden. Schon k\u00f6nnen Beschenkende bei Ihnen das passende Produkt bestellen.<\/p>\n<p><strong>Tip:<\/strong> In Kombination mit dem Flyer mit Geschenkideen oder unter dem verlinkten Beitrag auf der R\u00fcckseite der Postkarte finden Ihre KundInnen die passende Produkt-Inspiration.<\/p>\n<p><a href=\"https:\/\/addi.de\/wp-content\/uploads\/2025\/11\/833-Wunsch-Postkarte_web.pdf\"><strong>View here digitally (PDF Download)<\/strong><\/a><\/p>\n<p>&nbsp;<\/p>","protected":false},"excerpt":{"rendered":"<p>Als Handarbeitsfan ist es nicht immer einfach seinen liebsten konkrete W\u00fcnsche zu erkl\u00e4ren. Daher stellen wir Ihnen diesen handlichen Wunschzettel im Postkartenformat zur verf\u00fcgung &#8211; verteilen Sie ihn einfach mit ihren Kontaktdaten an ihre Kunden. Schon k\u00f6nnen Beschenkende bei Ihnen das passende Produkt bestellen. Tipp: In Kombination mit dem Flyer mit Geschenkideen oder unter dem [&hellip;]<\/p>","protected":false},"featured_media":71881,"template":"","meta":{"_acf_changed":false,"inline_featured_image":false},"product_brand":[],"product_cat":[506,67],"product_tag":[],"class_list":{"0":"post-71882","1":"product","2":"type-product","3":"status-publish","4":"has-post-thumbnail","6":"product_cat-werbematerial","7":"product_cat-addi-neuheiten","9":"first","10":"instock","11":"shipping-taxable","12":"purchasable","13":"product-type-simple"},"acf":[],"_links":{"self":[{"href":"https:\/\/addi.de\/en\/wp-json\/wp\/v2\/product\/71882","targetHints":{"allow":["GET"]}}],"collection":[{"href":"https:\/\/addi.de\/en\/wp-json\/wp\/v2\/product"}],"about":[{"href":"https:\/\/addi.de\/en\/wp-json\/wp\/v2\/types\/product"}],"wp:featuredmedia":[{"embeddable":true,"href":"https:\/\/addi.de\/en\/wp-json\/wp\/v2\/media\/71881"}],"wp:attachment":[{"href":"https:\/\/addi.de\/en\/wp-json\/wp\/v2\/media?parent=71882"}],"wp:term":[{"taxonomy":"product_brand","embeddable":true,"href":"https:\/\/addi.de\/en\/wp-json\/wp\/v2\/product_brand?post=71882"},{"taxonomy":"product_cat","embeddable":true,"href":"https:\/\/addi.de\/en\/wp-json\/wp\/v2\/product_cat?post=71882"},{"taxonomy":"product_tag","embeddable":true,"href":"https:\/\/addi.de\/en\/wp-json\/wp\/v2\/product_tag?post=71882"}],"curies":[{"name":"wp","href":"https:\/\/api.w.org\/{rel}","templated":true}]}}